{"id":13,"date":"2015-02-03T20:15:21","date_gmt":"2015-02-03T20:15:21","guid":{"rendered":"http:\/\/avada.theme-fusion.com_demos\/hotel\/?page_id=13"},"modified":"2026-03-31T12:54:58","modified_gmt":"2026-03-31T10:54:58","slug":"arak","status":"publish","type":"page","link":"https:\/\/apartman-orchidea.hu\/eger\/arak\/","title":{"rendered":"\u00c1RAK"},"content":{"rendered":"<p><div class=\"fusion-fullwidth fullwidth-box nonhundred-percent-fullwidth non-hundred-percent-height-scrolling\"  style='background-color: #ffffff;background-position: center center;background-repeat: no-repeat;padding-top:20px;padding-right:0px;padding-bottom:20px;padding-left:0px;'><div class=\"fusion-builder-row fusion-row \"><div  class=\"fusion-layout-column fusion_builder_column fusion_builder_column_1_1  fusion-one-full fusion-column-first fusion-column-last 1_1\"  style='margin-top:0px;margin-bottom:20px;'>\n\t\t\t\t\t<div class=\"fusion-column-wrapper\" style=\"padding: 0px 0px 0px 0px;background-position:left top;background-repeat:no-repeat;-webkit-background-size:cover;-moz-background-size:cover;-o-background-size:cover;background-size:cover;\"  data-bg-url=\"\">\n\t\t\t\t\t\t<div class=\"fusion-sep-clear\"><\/div><div class=\"fusion-separator sep-single sep-solid\" style=\"border-color:#cbaa5c;border-top-width:1px;margin-left: auto;margin-right: auto;margin-top:0px;margin-bottom:20px;width:100%;max-width:50px;\"><\/div><div class=\"fusion-text\"><h1 style=\"text-align: center;\">\u00c1RAK<\/h1>\n<\/div><div class=\"fusion-clearfix\"><\/div>\n\n\t\t\t\t\t<\/div>\n\t\t\t\t<\/div><div  class=\"fusion-layout-column fusion_builder_column fusion_builder_column_1_3  fusion-one-third fusion-column-first 1_3\"  style='margin-top:0px;margin-bottom:20px;width:33.33%;width:calc(33.33% - ( ( 4% + 4% ) * 0.3333 ) );margin-right: 4%;'>\n\t\t\t\t\t<div class=\"fusion-column-wrapper\" style=\"padding: 0px 0px 0px 0px;background-position:left top;background-repeat:no-repeat;-webkit-background-size:cover;-moz-background-size:cover;-o-background-size:cover;background-size:cover;\"  data-bg-url=\"\">\n\t\t\t\t\t\t<div class=\"fusion-column-content-centered\"><div class=\"fusion-column-content\">\n<table style=\"width: 100%;\">\n<thead>\n<tr>\n<th style=\"text-align: center;\"><strong>El\u0151szezon<\/strong><\/th>\n<\/tr>\n<tr>\n<td style=\"text-align: center;\"><strong><span style=\"color: #cbaa5c;\"><span style=\"color: #cbaa5c;\">(janu\u00e1r 1 &#8211; j\u00fanius 20)<\/span><\/span><\/strong><\/p>\n<hr \/>\n<\/td>\n<\/tr>\n<\/thead>\n<tbody>\n<tr>\n<td style=\"text-align: center;\">18 000 &#8211; 25 000 Ft\/2 f\u0151<\/td>\n<\/tr>\n<tr>\n<td style=\"text-align: center;\">24 000 &#8211; 30 000 Ft\/3 f\u0151<\/td>\n<\/tr>\n<tr>\n<td style=\"text-align: center;\">28 000 &#8211; 36 000 Ft\/4 f\u0151<\/td>\n<\/tr>\n<\/tbody>\n<\/table>\n<\/div><\/div><div class=\"fusion-clearfix\"><\/div>\n\n\t\t\t\t\t<\/div>\n\t\t\t\t<\/div><div  class=\"fusion-layout-column fusion_builder_column fusion_builder_column_1_3  fusion-one-third 1_3\"  style='margin-top:0px;margin-bottom:20px;width:33.33%;width:calc(33.33% - ( ( 4% + 4% ) * 0.3333 ) );margin-right: 4%;'>\n\t\t\t\t\t<div class=\"fusion-column-wrapper\" style=\"padding: 0px 0px 0px 0px;background-position:left top;background-repeat:no-repeat;-webkit-background-size:cover;-moz-background-size:cover;-o-background-size:cover;background-size:cover;\"  data-bg-url=\"\">\n\t\t\t\t\t\t\n<table style=\"width: 100%;\">\n<thead>\n<tr>\n<th style=\"text-align: center;\" align=\"left\"><strong>F\u0151szezon<\/strong><\/th>\n<\/tr>\n<tr>\n<td style=\"text-align: center;\" align=\"left\"><strong><span style=\"color: #cbaa5c;\"><span style=\"color: #cbaa5c;\">(j\u00fanius 21 &#8211; augusztus 31)<\/span><\/span><\/strong><\/p>\n<hr \/>\n<\/td>\n<\/tr>\n<\/thead>\n<tbody>\n<tr>\n<td style=\"text-align: center;\" align=\"left\">20 000 &#8211; 25 000 Ft\/2 f\u0151<\/td>\n<\/tr>\n<tr>\n<td style=\"text-align: center;\" align=\"left\">26 000 &#8211; 32 000 Ft\/3 f\u0151<\/td>\n<\/tr>\n<tr>\n<td style=\"text-align: center;\" align=\"left\">28 000 &#8211; 40 000 Ft\/4 f\u0151<\/td>\n<\/tr>\n<\/tbody>\n<\/table>\n<div class=\"fusion-clearfix\"><\/div>\n\n\t\t\t\t\t<\/div>\n\t\t\t\t<\/div><div  class=\"fusion-layout-column fusion_builder_column fusion_builder_column_1_3  fusion-one-third fusion-column-last 1_3\"  style='margin-top:0px;margin-bottom:20px;width:33.33%;width:calc(33.33% - ( ( 4% + 4% ) * 0.3333 ) );'>\n\t\t\t\t\t<div class=\"fusion-column-wrapper\" style=\"padding: 0px 0px 0px 0px;background-position:left top;background-repeat:no-repeat;-webkit-background-size:cover;-moz-background-size:cover;-o-background-size:cover;background-size:cover;\"  data-bg-url=\"\">\n\t\t\t\t\t\t\n<table style=\"width: 100%;\">\n<thead>\n<tr>\n<th style=\"text-align: center;\" align=\"left\"><strong>Ut\u00f3szezon<\/strong><\/th>\n<\/tr>\n<tr>\n<td style=\"text-align: center;\" align=\"left\"><strong><span style=\"color: #cbaa5c;\"><span style=\"color: #cbaa5c;\">(szeptember 1 &#8211; december 20)<\/span><\/span><\/strong><\/p>\n<hr \/>\n<\/td>\n<\/tr>\n<\/thead>\n<tbody>\n<tr>\n<td style=\"text-align: center;\" align=\"left\">18000 &#8211; 25 000 Ft\/2 f\u0151<\/td>\n<\/tr>\n<tr>\n<td style=\"text-align: center;\" align=\"left\">24 000 &#8211; 30 000 Ft\/3 f\u0151<\/td>\n<\/tr>\n<tr>\n<td style=\"text-align: center;\" align=\"left\">28 000 &#8211; 36 000 Ft<strong>\/<\/strong>4\u00a0f\u0151<\/td>\n<\/tr>\n<\/tbody>\n<\/table>\n<div class=\"fusion-clearfix\"><\/div>\n\n\t\t\t\t\t<\/div>\n\t\t\t\t<\/div><div  class=\"fusion-layout-column fusion_builder_column fusion_builder_column_1_1  fusion-one-full fusion-column-first fusion-column-last 1_1\"  style='margin-top:0px;margin-bottom:20px;'>\n\t\t\t\t\t<div class=\"fusion-column-wrapper\" style=\"padding: 0px 0px 0px 0px;background-position:left top;background-repeat:no-repeat;-webkit-background-size:cover;-moz-background-size:cover;-o-background-size:cover;background-size:cover;\"  data-bg-url=\"\">\n\t\t\t\t\t\t<div class=\"fusion-text\"><p>A december 20 &#8211; 31. -ig tart\u00f3 id\u0151szakra a f\u0151szezon \u00e1rai \u00e9rv\u00e9nyesek.<br \/>Az \u00e1rak nem tartalmazz\u00e1k az idegenforgalmi ad\u00f3t, melynek m\u00e9rt\u00e9ke 750 Ft\/feln\u0151tt\/\u00e9j<br \/>Gyermek \u00e1r 3 \u00e9ves korig ingyenes, 3-12 \u00e9ves korig 4500 Ft\/f\u0151\/\u00e9j el\u0151- \u00e9s ut\u00f3szezonban, 6000 Ft\/f\u0151\/\u00e9j f\u0151szezonban.<\/p>\n<\/div><span class=\"fusion-imageframe imageframe-none imageframe-1 hover-type-none\"><img decoding=\"async\" loading=\"lazy\" src=\"https:\/\/apartman-orchidea.hu\/wp-content\/uploads\/2015\/02\/sz\u00e9pk\u00e1rtya.png\" width=\"470\" height=\"330\" alt=\"\" title=\"sz\u00e9pk\u00e1rtya\" class=\"img-responsive wp-image-3515\" srcset=\"https:\/\/apartman-orchidea.hu\/wp-content\/uploads\/2015\/02\/sz\u00e9pk\u00e1rtya-200x140.png 200w, https:\/\/apartman-orchidea.hu\/wp-content\/uploads\/2015\/02\/sz\u00e9pk\u00e1rtya-400x281.png 400w, https:\/\/apartman-orchidea.hu\/wp-content\/uploads\/2015\/02\/sz\u00e9pk\u00e1rtya.png 470w\" sizes=\"(max-width: 1105px) 100vw, 470px\" \/><\/span><div class=\"fusion-clearfix\"><\/div>\n\n\t\t\t\t\t<\/div>\n\t\t\t\t<\/div><\/div><\/div><div class=\"fusion-fullwidth fullwidth-box nonhundred-percent-fullwidth non-hundred-percent-height-scrolling\"  style='background-color: #ffffff;background-position: center center;background-repeat: no-repeat;padding-top:20px;padding-right:0px;padding-bottom:20px;padding-left:0px;'><div class=\"fusion-builder-row fusion-row \"><div  class=\"fusion-layout-column fusion_builder_column fusion_builder_column_1_2  fusion-one-half fusion-column-first 1_2\"  style='margin-top:0px;margin-bottom:20px;width:50%;width:calc(50% - ( ( 4% ) * 0.5 ) );margin-right: 4%;'>\n\t\t\t\t\t<div class=\"fusion-column-wrapper\" style=\"padding: 0px 0px 0px 0px;background-position:left top;background-repeat:no-repeat;-webkit-background-size:cover;-moz-background-size:cover;-o-background-size:cover;background-size:cover;\"  data-bg-url=\"\">\n\t\t\t\t\t\t<div class=\"imageframe-align-center\"><div class=\"imageframe-liftup\"><span style=\"border:13px solid #ffffff;-moz-box-shadow: 2px 3px 7px rgba(0,0,0,.3);-webkit-box-shadow: 2px 3px 7px rgba(0,0,0,.3);box-shadow: 2px 3px 7px rgba(0,0,0,.3);\" class=\"fusion-imageframe imageframe-dropshadow imageframe-2\"><img decoding=\"async\" loading=\"lazy\" src=\"https:\/\/apartman-orchidea.hu\/wp-content\/uploads\/2015\/02\/IMG_9341-1.jpg\" width=\"\" height=\"\" alt=\"\" title=\"\" class=\"img-responsive\"\/><\/span><\/div><\/div><div class=\"fusion-clearfix\"><\/div>\n\n\t\t\t\t\t<\/div>\n\t\t\t\t<\/div><div  class=\"fusion-layout-column fusion_builder_column fusion_builder_column_1_2  fusion-one-half fusion-column-last 1_2\"  style='margin-top:0px;margin-bottom:20px;width:50%;width:calc(50% - ( ( 4% ) * 0.5 ) );'>\n\t\t\t\t\t<div class=\"fusion-column-wrapper\" style=\"padding: 0px 0px 0px 0px;background-position:left top;background-repeat:no-repeat;-webkit-background-size:cover;-moz-background-size:cover;-o-background-size:cover;background-size:cover;\"  data-bg-url=\"\">\n\t\t\t\t\t\t<div class=\"fusion-sep-clear\"><\/div><div class=\"fusion-separator sep-single sep-solid\" style=\"border-color:#cbaa5c;border-top-width:1px;margin-left: auto;margin-right: auto;margin-top:0px;margin-bottom:20px;width:100%;max-width:50px;\"><\/div><div class=\"fusion-text\"><h1 style=\"text-align: center;\">GYERMEKKEDVEZM\u00c9NY<\/h1>\n<\/div><style type='text\/css'>\n\t\t\t\t.pricing-table-1 .panel-container, .pricing-table-1 .standout .panel-container,\n\t\t\t\t.pricing-table-1.full-boxed-pricing {background-color:#ffffff;}\n\t\t\t\t.pricing-table-1 .list-group .list-group-item,\n\t\t\t\t.pricing-table-1 .list-group .list-group-item:last-child{background-color:#ffffff; border-color:#e7eaee;}\n\t\t\t\t.pricing-table-1.full-boxed-pricing .panel-wrapper:hover .panel-heading,\n\t\t\t\t.pricing-table-1 .panel-wrapper:hover .list-group-item {background-color:#ffffff;}\n\t\t\t\t.pricing-table-1.full-boxed-pricing .panel-heading{background-color:#ffffff;}\n\t\t\t\t.pricing-table-1 .fusion-panel, .pricing-table-1 .panel-wrapper:last-child .fusion-panel,\n\t\t\t\t.pricing-table-1 .standout .fusion-panel, .pricing-table-1  .panel-heading,\n\t\t\t\t.pricing-table-1 .panel-body, .pricing-table-1 .panel-footer{border-color:#e7eaee;}\n\t\t\t\t.pricing-table-1 .panel-body,.pricing-table-1 .panel-footer{background-color:#ffffff;}\n\t\t\t\t.pricing-table-1.sep-boxed-pricing .panel-heading h3{color:#ffffff;}\n\t\t\t\t.pricing-table-1.full-boxed-pricing.fusion-pricing-table .panel-heading h3{color:#ffffff;}\n\t\t\t\t.pricing-table-1.fusion-pricing-table .panel-body .price .decimal-part{color:#cbaa5c;}\n\t\t\t\t.pricing-table-1.fusion-pricing-table .panel-body .price .integer-part{color:#cbaa5c;}\n\t\t\t\t.pricing-table-1 ul.list-group li{color:#747474;}\n\t\t\t\t<\/style><div class=\"fusion-pricing-table pricing-table-1 sep-boxed-pricing row fusion-columns-2 columns-2 fusion-clearfix\"><div class=\"panel-wrapper fusion-column column col-lg-6 col-md-6 col-sm-6 fusion-pricingtable-column\"><div class=\"panel-container\"><div class=\"fusion-panel\"><div class=\"panel-heading\"><h3 class=\"title-row\">0 \u2013 3 \u00e9ves korig<\/h3><\/div><div class=\"panel-body pricing-row\"><\/div><ul class=\"list-group\"><li class=\"list-group-item normal-row\">ingyenes<\/li><\/ul><\/div><\/div><\/div><div class=\"panel-wrapper fusion-column column col-lg-6 col-md-6 col-sm-6 fusion-pricingtable-column\"><div class=\"panel-container\"><div class=\"fusion-panel\"><div class=\"panel-heading\"><h3 class=\"title-row\">3 \u2013 12 \u00e9ves korig<\/h3><\/div><div class=\"panel-body pricing-row\"><\/div><ul class=\"list-group\"><li class=\"list-group-item normal-row\">3 000.-<\/li><\/ul><\/div><\/div><\/div><\/div><div class=\"fusion-text\"><p style=\"padding: 0px 50px; text-align: justify;\">El\u0151zetes k\u00e9r\u00e9s alapj\u00e1n f\u00fcrdet\u0151k\u00e1dat, kis\u00e1gyat ingyenesen biztos\u00edtunk.<\/p>\n<\/div><div class=\"fusion-clearfix\"><\/div>\n\n\t\t\t\t\t<\/div>\n\t\t\t\t<\/div><\/div><\/div><\/p>\n","protected":false},"excerpt":{"rendered":"","protected":false},"author":1,"featured_media":0,"parent":0,"menu_order":0,"comment_status":"open","ping_status":"open","template":"100-width.php","meta":[],"yoast_head":"<!-- This site is optimized with the Yoast SEO plugin v19.13 - https:\/\/yoast.com\/wordpress\/plugins\/seo\/ -->\n<title>\u00c1RAK - Orchidea Apartman Eger<\/title>\n<meta name=\"robots\" content=\"index, follow, max-snippet:-1, max-image-preview:large, max-video-preview:-1\" \/>\n<link rel=\"canonical\" href=\"https:\/\/apartman-orchidea.hu\/eger\/arak\/\" \/>\n<meta property=\"og:locale\" content=\"hu_HU\" \/>\n<meta property=\"og:type\" content=\"article\" \/>\n<meta property=\"og:title\" content=\"\u00c1RAK - Orchidea Apartman Eger\" \/>\n<meta property=\"og:url\" content=\"https:\/\/apartman-orchidea.hu\/eger\/arak\/\" \/>\n<meta property=\"og:site_name\" content=\"Orchidea Apartman Eger\" \/>\n<meta property=\"article:publisher\" content=\"https:\/\/www.facebook.com\/orchideaapartmaneger\/?fref=ts\" \/>\n<meta property=\"article:modified_time\" content=\"2026-03-31T10:54:58+00:00\" \/>\n<meta property=\"og:image\" content=\"https:\/\/apartman-orchidea.hu\/wp-content\/uploads\/2015\/04\/IMG_6895_resize-e1482092539280.jpg\" \/>\n\t<meta property=\"og:image:width\" content=\"1838\" \/>\n\t<meta property=\"og:image:height\" content=\"1276\" \/>\n\t<meta property=\"og:image:type\" content=\"image\/jpeg\" \/>\n<meta name=\"twitter:card\" content=\"summary_large_image\" \/>\n<meta name=\"twitter:label1\" content=\"Becs\u00fclt olvas\u00e1si id\u0151\" \/>\n\t<meta name=\"twitter:data1\" content=\"3 perc\" \/>\n<script type=\"application\/ld+json\" class=\"yoast-schema-graph\">{\"@context\":\"https:\/\/schema.org\",\"@graph\":[{\"@type\":\"WebPage\",\"@id\":\"https:\/\/apartman-orchidea.hu\/eger\/arak\/\",\"url\":\"https:\/\/apartman-orchidea.hu\/eger\/arak\/\",\"name\":\"\u00c1RAK - Orchidea Apartman Eger\",\"isPartOf\":{\"@id\":\"https:\/\/apartman-orchidea.hu\/eger\/#website\"},\"datePublished\":\"2015-02-03T20:15:21+00:00\",\"dateModified\":\"2026-03-31T10:54:58+00:00\",\"breadcrumb\":{\"@id\":\"https:\/\/apartman-orchidea.hu\/eger\/arak\/#breadcrumb\"},\"inLanguage\":\"hu\",\"potentialAction\":[{\"@type\":\"ReadAction\",\"target\":[\"https:\/\/apartman-orchidea.hu\/eger\/arak\/\"]}]},{\"@type\":\"BreadcrumbList\",\"@id\":\"https:\/\/apartman-orchidea.hu\/eger\/arak\/#breadcrumb\",\"itemListElement\":[{\"@type\":\"ListItem\",\"position\":1,\"name\":\"Home\",\"item\":\"https:\/\/apartman-orchidea.hu\/eger\/\"},{\"@type\":\"ListItem\",\"position\":2,\"name\":\"\u00c1RAK\"}]},{\"@type\":\"WebSite\",\"@id\":\"https:\/\/apartman-orchidea.hu\/eger\/#website\",\"url\":\"https:\/\/apartman-orchidea.hu\/eger\/\",\"name\":\"Orchidea Apartman Eger\",\"description\":\"Vend\u00e9gh\u00e1z, kiad\u00f3 apartman Egerben\",\"potentialAction\":[{\"@type\":\"SearchAction\",\"target\":{\"@type\":\"EntryPoint\",\"urlTemplate\":\"https:\/\/apartman-orchidea.hu\/eger\/?s={search_term_string}\"},\"query-input\":\"required name=search_term_string\"}],\"inLanguage\":\"hu\"}]}<\/script>\n<!-- \/ Yoast SEO plugin. -->","yoast_head_json":{"title":"\u00c1RAK - Orchidea Apartman Eger","robots":{"index":"index","follow":"follow","max-snippet":"max-snippet:-1","max-image-preview":"max-image-preview:large","max-video-preview":"max-video-preview:-1"},"canonical":"https:\/\/apartman-orchidea.hu\/eger\/arak\/","og_locale":"hu_HU","og_type":"article","og_title":"\u00c1RAK - Orchidea Apartman Eger","og_url":"https:\/\/apartman-orchidea.hu\/eger\/arak\/","og_site_name":"Orchidea Apartman Eger","article_publisher":"https:\/\/www.facebook.com\/orchideaapartmaneger\/?fref=ts","article_modified_time":"2026-03-31T10:54:58+00:00","og_image":[{"width":1838,"height":1276,"url":"https:\/\/apartman-orchidea.hu\/wp-content\/uploads\/2015\/04\/IMG_6895_resize-e1482092539280.jpg","type":"image\/jpeg"}],"twitter_card":"summary_large_image","twitter_misc":{"Becs\u00fclt olvas\u00e1si id\u0151":"3 perc"},"schema":{"@context":"https:\/\/schema.org","@graph":[{"@type":"WebPage","@id":"https:\/\/apartman-orchidea.hu\/eger\/arak\/","url":"https:\/\/apartman-orchidea.hu\/eger\/arak\/","name":"\u00c1RAK - Orchidea Apartman Eger","isPartOf":{"@id":"https:\/\/apartman-orchidea.hu\/eger\/#website"},"datePublished":"2015-02-03T20:15:21+00:00","dateModified":"2026-03-31T10:54:58+00:00","breadcrumb":{"@id":"https:\/\/apartman-orchidea.hu\/eger\/arak\/#breadcrumb"},"inLanguage":"hu","potentialAction":[{"@type":"ReadAction","target":["https:\/\/apartman-orchidea.hu\/eger\/arak\/"]}]},{"@type":"BreadcrumbList","@id":"https:\/\/apartman-orchidea.hu\/eger\/arak\/#breadcrumb","itemListElement":[{"@type":"ListItem","position":1,"name":"Home","item":"https:\/\/apartman-orchidea.hu\/eger\/"},{"@type":"ListItem","position":2,"name":"\u00c1RAK"}]},{"@type":"WebSite","@id":"https:\/\/apartman-orchidea.hu\/eger\/#website","url":"https:\/\/apartman-orchidea.hu\/eger\/","name":"Orchidea Apartman Eger","description":"Vend\u00e9gh\u00e1z, kiad\u00f3 apartman Egerben","potentialAction":[{"@type":"SearchAction","target":{"@type":"EntryPoint","urlTemplate":"https:\/\/apartman-orchidea.hu\/eger\/?s={search_term_string}"},"query-input":"required name=search_term_string"}],"inLanguage":"hu"}]}},"_links":{"self":[{"href":"https:\/\/apartman-orchidea.hu\/eger\/wp-json\/wp\/v2\/pages\/13"}],"collection":[{"href":"https:\/\/apartman-orchidea.hu\/eger\/wp-json\/wp\/v2\/pages"}],"about":[{"href":"https:\/\/apartman-orchidea.hu\/eger\/wp-json\/wp\/v2\/types\/page"}],"author":[{"embeddable":true,"href":"https:\/\/apartman-orchidea.hu\/eger\/wp-json\/wp\/v2\/users\/1"}],"replies":[{"embeddable":true,"href":"https:\/\/apartman-orchidea.hu\/eger\/wp-json\/wp\/v2\/comments?post=13"}],"version-history":[{"count":136,"href":"https:\/\/apartman-orchidea.hu\/eger\/wp-json\/wp\/v2\/pages\/13\/revisions"}],"predecessor-version":[{"id":7137,"href":"https:\/\/apartman-orchidea.hu\/eger\/wp-json\/wp\/v2\/pages\/13\/revisions\/7137"}],"wp:attachment":[{"href":"https:\/\/apartman-orchidea.hu\/eger\/wp-json\/wp\/v2\/media?parent=13"}],"curies":[{"name":"wp","href":"https:\/\/api.w.org\/{rel}","templated":true}]}}