{"id":15,"date":"2015-02-03T20:15:53","date_gmt":"2015-02-03T20:15:53","guid":{"rendered":"http:\/\/avada.theme-fusion.com_demos\/hotel\/?page_id=15"},"modified":"2020-02-25T10:48:47","modified_gmt":"2020-02-25T09:48:47","slug":"csomagajanlat","status":"publish","type":"page","link":"https:\/\/apartman-orchidea.hu\/eger\/csomagajanlat\/","title":{"rendered":"Csomagaj\u00e1nlat"},"content":{"rendered":"<div class=\"fusion-fullwidth fullwidth-box nonhundred-percent-fullwidth non-hundred-percent-height-scrolling fusion-equal-height-columns\"  style='background-color: #f4f6f8;background-position: center top;background-repeat: no-repeat;padding-top:0px;padding-right:0px;padding-bottom:0px;padding-left:0px;border-top-width:0px;border-bottom-width:0px;border-color:#eae9e9;border-top-style:solid;border-bottom-style:solid;'><div class=\"fusion-builder-row fusion-row \"><div  class=\"fusion-layout-column fusion_builder_column fusion_builder_column_1_1  fusion-one-full fusion-column-first fusion-column-last fusion-column-no-min-height 1_1\"  style='margin-top:0px;margin-bottom:10px;'>\n\t\t\t\t\t<div class=\"fusion-column-wrapper\" style=\"padding: 30px 0px 0px 0px;background-position:left top;background-repeat:no-repeat;-webkit-background-size:cover;-moz-background-size:cover;-o-background-size:cover;background-size:cover;\"  data-bg-url=\"\">\n\t\t\t\t\t\t<div class=\"fusion-text\"><h1 style=\"text-align: center;\">CSOMAGAJ\u00c1NLAT<\/h1>\n<\/div><div class=\"fusion-sep-clear\"><\/div><div class=\"fusion-separator sep-single sep-solid\" style=\"border-color:#cbaa5c;border-top-width:1px;margin-left: auto;margin-right: auto;margin-top:0px;margin-bottom:20px;width:100%;max-width:50px;\"><\/div><div class=\"fusion-text\"><p style=\"letter-spacing: 4px; font-size: 13px; text-align: center; margin-bottom: 0px;\"><em>\u201eA tavasz rem\u00e9nyteljes, a ny\u00e1r b\u00fcszke, az \u0151sz al\u00e1zatos, a t\u00e9l ellen\u00e1ll\u00f3.\u201d<\/em><br \/>\n(Cecelia Ahern)<\/p>\n<\/div><div class=\"fusion-clearfix\"><\/div>\n\n\t\t\t\t\t<\/div>\n\t\t\t\t<\/div><div  class=\"fusion-layout-column fusion_builder_column fusion_builder_column_1_4  fusion-one-fourth fusion-column-first fusion-blend-mode 1_4\"  style='margin-top:16px;margin-bottom:20px;width:22%; margin-right: 4%;'>\n\t\t\t\t\t<div class=\"fusion-column-wrapper\" style=\"background-color:#ededed;padding: 10% 10% 10% 10%;background-position:center top;background-repeat:no-repeat;-webkit-background-size:cover;-moz-background-size:cover;-o-background-size:cover;background-size:cover;\"  data-bg-url=\"\">\n\t\t\t\t\t\t<div class=\"fusion-text\"><h2><i class=\"fa fa-snowflake-o\"><\/i> T\u00c9L<\/h2>\n<p><strong>3+1<\/strong> \u00c9vind\u00edt\u00f3 akci\u00f3nk azoknak k\u00e9sz\u00fclt, akik szeretn\u00e9k elker\u00fclni a ny\u00fczsg\u00e9st \u00e9s Eger csendesebb napjain \u00e9lvezn\u00e9k a V\u00e1ros adta lehet\u0151s\u00e9geket.<\/p>\n<\/div><div class=\"fusion-button-wrapper fusion-aligncenter\"><style type=\"text\/css\" scoped=\"scoped\">.fusion-button.button-1 .fusion-button-text, .fusion-button.button-1 i {color:#ffffff;}.fusion-button.button-1 {border-width:0px;border-color:#ffffff;}.fusion-button.button-1 .fusion-button-icon-divider{border-color:#ffffff;}.fusion-button.button-1:hover .fusion-button-text, .fusion-button.button-1:hover i,.fusion-button.button-1:focus .fusion-button-text, .fusion-button.button-1:focus i,.fusion-button.button-1:active .fusion-button-text, .fusion-button.button-1:active{color:#ffffff;}.fusion-button.button-1:hover, .fusion-button.button-1:focus, .fusion-button.button-1:active{border-width:0px;border-color:#ffffff;}.fusion-button.button-1:hover .fusion-button-icon-divider, .fusion-button.button-1:hover .fusion-button-icon-divider, .fusion-button.button-1:active .fusion-button-icon-divider{border-color:#ffffff;}.fusion-button.button-1{width:auto;}<\/style><a class=\"fusion-button button-flat fusion-button-square button-large button-default button-1\" target=\"_self\" title=\"b\u0151vebben\" href=\"#\" data-toggle=\"modal\" data-target=\".fusion-modal.modal_tel\"><span class=\"fusion-button-text\">TOV\u00c1BB&#8230;<\/span><\/a><\/div><div class=\"fusion-modal modal fade modal-1 modal_tel\" tabindex=\"-1\" role=\"dialog\" aria-labelledby=\"modal-heading-1\" aria-hidden=\"true\"><style type=\"text\/css\">.modal-1 .modal-header, .modal-1 .modal-footer{border-color:#ebebeb;}<\/style><div class=\"modal-dialog modal-lg\"><div class=\"modal-content fusion-modal-content\" style=\"background-color:#f6f6f6\"><div class=\"modal-header\"><button class=\"close\" type=\"button\" data-dismiss=\"modal\" aria-hidden=\"true\">&times;<\/button><h3 class=\"modal-title\" id=\"modal-heading-1\" data-dismiss=\"modal\" aria-hidden=\"true\">CSOMAGAJ\u00c1NLAT: T\u00c9L <\/h3><\/div><div class=\"modal-body\">\n<p>Amennyiben<b>\u00a0janu\u00e1r 1 \u2013 febru\u00e1r 28<\/b>. k\u00f6z\u00f6tti id\u0151szakban h\u00e1rom \u00e9jszak\u00e1t foglal, egy egyszeri, 14 000 Ft \u00e9rt\u00e9k\u0171 sz\u00e1mlaengedm\u00e9nyre lesz jogosult, melynek \u00e9rt\u00e9k\u00e9t 1 \u00e9jszaka sz\u00e1ll\u00e1sra tudja bev\u00e1ltani.<\/p>\n<\/div><\/div><\/div><\/div><div class=\"fusion-clearfix\"><\/div>\n\n\t\t\t\t\t<\/div>\n\t\t\t\t<\/div><div  class=\"fusion-layout-column fusion_builder_column fusion_builder_column_1_4  fusion-one-fourth fusion-blend-mode 1_4\"  style='margin-top:16px;margin-bottom:20px;width:22%; margin-right: 4%;'>\n\t\t\t\t\t<div class=\"fusion-column-wrapper\" style=\"background-color:#ededed;padding: 10% 10% 10% 10%;background-position:center top;background-repeat:no-repeat;-webkit-background-size:cover;-moz-background-size:cover;-o-background-size:cover;background-size:cover;\"  data-bg-url=\"\">\n\t\t\t\t\t\t<div class=\"fusion-text\"><h2><i class=\"fa fa-heart-o\"><\/i> TAVASZ<\/h2>\n<p>Tavasszal meg\u00fajul a term\u00e9szet, itt az ideje, hogy \u00d6n is sz\u00e1njon id\u0151t a felt\u00f6lt\u0151d\u00e9sre, meg\u00fajul\u00e1sra, kikapcsol\u00f3d\u00e1sra. Vend\u00e9geink egyik kedvenc csomagj\u00e1t\u2026<\/p>\n<\/div><div class=\"fusion-button-wrapper fusion-aligncenter\"><style type=\"text\/css\" scoped=\"scoped\">.fusion-button.button-2 .fusion-button-text, .fusion-button.button-2 i {color:#ffffff;}.fusion-button.button-2 {border-width:0px;border-color:#ffffff;}.fusion-button.button-2 .fusion-button-icon-divider{border-color:#ffffff;}.fusion-button.button-2:hover .fusion-button-text, .fusion-button.button-2:hover i,.fusion-button.button-2:focus .fusion-button-text, .fusion-button.button-2:focus i,.fusion-button.button-2:active .fusion-button-text, .fusion-button.button-2:active{color:#ffffff;}.fusion-button.button-2:hover, .fusion-button.button-2:focus, .fusion-button.button-2:active{border-width:0px;border-color:#ffffff;}.fusion-button.button-2:hover .fusion-button-icon-divider, .fusion-button.button-2:hover .fusion-button-icon-divider, .fusion-button.button-2:active .fusion-button-icon-divider{border-color:#ffffff;}.fusion-button.button-2{width:auto;}<\/style><a class=\"fusion-button button-flat fusion-button-square button-large button-default button-2\" target=\"_self\" title=\"b\u0151vebben\" href=\"#\" data-toggle=\"modal\" data-target=\".fusion-modal.modal_tavasz\"><span class=\"fusion-button-text\">TOV\u00c1BB&#8230;<\/span><\/a><\/div><div class=\"fusion-modal modal fade modal-2 modal_tavasz\" tabindex=\"-1\" role=\"dialog\" aria-labelledby=\"modal-heading-2\" aria-hidden=\"true\"><style type=\"text\/css\">.modal-2 .modal-header, .modal-2 .modal-footer{border-color:#ebebeb;}<\/style><div class=\"modal-dialog modal-lg\"><div class=\"modal-content fusion-modal-content\" style=\"background-color:#f6f6f6\"><div class=\"modal-header\"><button class=\"close\" type=\"button\" data-dismiss=\"modal\" aria-hidden=\"true\">&times;<\/button><h3 class=\"modal-title\" id=\"modal-heading-2\" data-dismiss=\"modal\" aria-hidden=\"true\">CSOMAGAJ\u00c1NLAT: TAVASZ<\/h3><\/div><div class=\"modal-body\">\n<p class=\"western\" style=\"text-align: left;\" align=\"justify\"><strong>m\u00e1rcius 1 \u2013 m\u00e1jus 31.<\/strong> k\u00f6z\u00f6tti id\u0151szakban veheti ig\u00e9nybe. Minimum n\u00e9gy \u00e9jszak\u00e1s tart\u00f3zkod\u00e1s eset\u00e9n az al\u00e1bbi aj\u00e1nd\u00e9kot adjuk:<\/p>\n<ul>\n<li>Eg\u00e9sz napos, <strong>ingyenes bel\u00e9p\u0151jegy<\/strong> k\u00e9t f\u0151 r\u00e9sz\u00e9re az<strong> Egri Term\u00e1lf\u00fcrd\u0151be<\/strong>, mely 200 m\u00e9terre tal\u00e1lhat\u00f3 apartmanunkt\u00f3l.<\/li>\n<\/ul>\n<\/div><\/div><\/div><\/div><div class=\"fusion-clearfix\"><\/div>\n\n\t\t\t\t\t<\/div>\n\t\t\t\t<\/div><div  class=\"fusion-layout-column fusion_builder_column fusion_builder_column_1_4  fusion-one-fourth fusion-blend-mode 1_4\"  style='margin-top:16px;margin-bottom:20px;width:22%; margin-right: 4%;'>\n\t\t\t\t\t<div class=\"fusion-column-wrapper\" style=\"background-color:#ededed;padding: 10% 10% 10% 10%;background-position:center top;background-repeat:no-repeat;-webkit-background-size:cover;-moz-background-size:cover;-o-background-size:cover;background-size:cover;\"  data-bg-url=\"\">\n\t\t\t\t\t\t<div class=\"fusion-text\"><h2><i class=\"fa fa-sun-o\"><\/i> NY\u00c1R<\/h2>\n<p>Egri Bikav\u00e9r \u00dcnnep, Egri V\u00e1r programjai, M\u00fazeumok \u00c9jszak\u00e1ja, V\u00e9gv\u00e1ri vigass\u00e1gok<\/p>\n<\/div><div class=\"fusion-button-wrapper fusion-aligncenter\"><style type=\"text\/css\" scoped=\"scoped\">.fusion-button.button-3 .fusion-button-text, .fusion-button.button-3 i {color:#ffffff;}.fusion-button.button-3 {border-width:0px;border-color:#ffffff;}.fusion-button.button-3 .fusion-button-icon-divider{border-color:#ffffff;}.fusion-button.button-3:hover .fusion-button-text, .fusion-button.button-3:hover i,.fusion-button.button-3:focus .fusion-button-text, .fusion-button.button-3:focus i,.fusion-button.button-3:active .fusion-button-text, .fusion-button.button-3:active{color:#ffffff;}.fusion-button.button-3:hover, .fusion-button.button-3:focus, .fusion-button.button-3:active{border-width:0px;border-color:#ffffff;}.fusion-button.button-3:hover .fusion-button-icon-divider, .fusion-button.button-3:hover .fusion-button-icon-divider, .fusion-button.button-3:active .fusion-button-icon-divider{border-color:#ffffff;}.fusion-button.button-3{width:auto;}<\/style><a class=\"fusion-button button-flat fusion-button-square button-large button-default button-3\" target=\"_self\" title=\"b\u0151vebben\" href=\"#\" data-toggle=\"modal\" data-target=\".fusion-modal.NY\u00c1R\"><span class=\"fusion-button-text\">TOV\u00c1BB&#8230;<\/span><\/a><\/div><div class=\"fusion-modal modal fade modal-3 NY\u00c1R\" tabindex=\"-1\" role=\"dialog\" aria-labelledby=\"modal-heading-3\" aria-hidden=\"true\"><style type=\"text\/css\">.modal-3 .modal-header, .modal-3 .modal-footer{border-color:#ebebeb;}<\/style><div class=\"modal-dialog modal-lg\"><div class=\"modal-content fusion-modal-content\" style=\"background-color:#f6f6f6\"><div class=\"modal-header\"><button class=\"close\" type=\"button\" data-dismiss=\"modal\" aria-hidden=\"true\">&times;<\/button><h3 class=\"modal-title\" id=\"modal-heading-3\" data-dismiss=\"modal\" aria-hidden=\"true\">CSOMAGAJ\u00c1NLAT: NY\u00c1R<\/h3><\/div><div class=\"modal-body\">\n<p>Csup\u00e1n n\u00e9h\u00e1ny program a ny\u00e1ri k\u00edn\u00e1latb\u00f3l:<\/p>\n<p>Feln\u0151ttek \u00e9s gyerekek egyar\u00e1nt \u00e9lvezhetik Eger v\u00e1ros adta lehet\u0151s\u00e9geket. Legyen sz\u00f3 f\u00fcrd\u0151z\u00e9sr\u0151l a szemk\u00f6zti Term\u00e1lf\u00fcrd\u0151ben, kir\u00e1ndul\u00e1s a Szalajka v\u00edzes\u00e9shez, hossz\u00fa s\u00e9t\u00e1k az Egri v\u00e1r k\u00f6r\u00fcl, vagy kellemes boroz\u00e1s a Sz\u00e9passzony v\u00f6lgyben, a ny\u00e1ri programok felejthetetlen eml\u00e9keket ny\u00fajtanak majd \u00d6n \u00e9s csal\u00e1dja sz\u00e1m\u00e1ra. Haszn\u00e1lja ki kedvezm\u00e9ny\u00fcnket <strong>j\u00fanius 1 \u2013 augusztus 31.<\/strong> k\u00f6z\u00f6tti id\u0151szakban.<\/p>\n<ul>\n<li>5 \u00e9jszak\u00e1s foglal\u00e1s eset\u00e9n <strong>5% kedvezm\u00e9nyt<\/strong> adunk a sz\u00e1ll\u00e1sd\u00edjb\u00f3l.<\/li>\n<\/ul>\n<\/div><\/div><\/div><\/div><div class=\"fusion-clearfix\"><\/div>\n\n\t\t\t\t\t<\/div>\n\t\t\t\t<\/div><div  class=\"fusion-layout-column fusion_builder_column fusion_builder_column_1_4  fusion-one-fourth fusion-column-last fusion-blend-mode 1_4\"  style='margin-top:16px;margin-bottom:20px;width:22%'>\n\t\t\t\t\t<div class=\"fusion-column-wrapper\" style=\"background-color:#ededed;padding: 10% 10% 10% 10%;background-position:center top;background-repeat:no-repeat;-webkit-background-size:cover;-moz-background-size:cover;-o-background-size:cover;background-size:cover;\"  data-bg-url=\"\">\n\t\t\t\t\t\t<div class=\"fusion-text\"><h2><i class=\"fa fa-leaf\"><\/i> \u0150SZ<\/h2>\n<p><em>&#8222;Itt van az \u0151sz, itt van ujra, S sz\u00e9p, mint mindig, \u00e9nnekem. Tudja isten, hogy mi okb\u00f3l. Szeretem? de szeretem.&#8221; <\/em>(Pet\u0151fi S\u00e1ndor)<\/p>\n<\/div><div class=\"fusion-button-wrapper fusion-aligncenter\"><style type=\"text\/css\" scoped=\"scoped\">.fusion-button.button-4 .fusion-button-text, .fusion-button.button-4 i {color:#ffffff;}.fusion-button.button-4 {border-width:0px;border-color:#ffffff;}.fusion-button.button-4 .fusion-button-icon-divider{border-color:#ffffff;}.fusion-button.button-4:hover .fusion-button-text, .fusion-button.button-4:hover i,.fusion-button.button-4:focus .fusion-button-text, .fusion-button.button-4:focus i,.fusion-button.button-4:active .fusion-button-text, .fusion-button.button-4:active{color:#ffffff;}.fusion-button.button-4:hover, .fusion-button.button-4:focus, .fusion-button.button-4:active{border-width:0px;border-color:#ffffff;}.fusion-button.button-4:hover .fusion-button-icon-divider, .fusion-button.button-4:hover .fusion-button-icon-divider, .fusion-button.button-4:active .fusion-button-icon-divider{border-color:#ffffff;}.fusion-button.button-4{width:auto;}<\/style><a class=\"fusion-button button-flat fusion-button-square button-large button-default button-4\" target=\"_self\" title=\"b\u0151vebben\" href=\"#\" data-toggle=\"modal\" data-target=\".fusion-modal.\u0150SZ\"><span class=\"fusion-button-text\">TOV\u00c1BB&#8230;<\/span><\/a><\/div><div class=\"fusion-modal modal fade modal-4 \u0150SZ\" tabindex=\"-1\" role=\"dialog\" aria-labelledby=\"modal-heading-4\" aria-hidden=\"true\"><style type=\"text\/css\">.modal-4 .modal-header, .modal-4 .modal-footer{border-color:#ebebeb;}<\/style><div class=\"modal-dialog modal-lg\"><div class=\"modal-content fusion-modal-content\" style=\"background-color:#f6f6f6\"><div class=\"modal-header\"><button class=\"close\" type=\"button\" data-dismiss=\"modal\" aria-hidden=\"true\">&times;<\/button><h3 class=\"modal-title\" id=\"modal-heading-4\" data-dismiss=\"modal\" aria-hidden=\"true\">CSOMAGAJ\u00c1NLAT: \u0150SZ<\/h3><\/div><div class=\"modal-body\">\n<p style=\"text-align: justify;\">\u00c9s val\u00f3ban. \u0150sszel m\u00e9g kellemes az id\u0151j\u00e1r\u00e1s, szerencs\u00e9s esetben m\u00e9g \u00e9lvezhetj\u00fck a naps\u00fct\u00e9s j\u00f3t\u00e9kony hat\u00e1sait. Nagyokat s\u00e9t\u00e1lhatunk az \u00c9rsekkertben, ami k\u00e9t percnyi s\u00e9t\u00e1ra tal\u00e1lhat\u00f3 sz\u00e1ll\u00e1shely\u00fckt\u0151l. A V\u00e1ros gondoskodik arr\u00f3l, hogy az \u0151szi h\u00f3napokban is legyen lehet\u0151s\u00e9g akt\u00edv kikapcsol\u00f3d\u00e1sra.<\/p>\n<p style=\"text-align: justify;\">Minimum \u00f6t \u00e9jszak\u00e1s tart\u00f3zkod\u00e1s eset\u00e9n k\u00e9t darab eg\u00e9sz napos <b>bel\u00e9p\u0151jeggyel<\/b> aj\u00e1nd\u00e9kozzuk meg az <b>Egri Term\u00e1lf\u00fcrd\u0151ben<\/b>. Aj\u00e1nlatunk szeptember 4 \u2013 december 20 k\u00f6z\u00f6tti id\u0151szakra vonatkozik.<\/p>\n<\/div><\/div><\/div><\/div><div class=\"fusion-clearfix\"><\/div>\n\n\t\t\t\t\t<\/div>\n\t\t\t\t<\/div><div  class=\"fusion-layout-column fusion_builder_column fusion_builder_column_1_1  fusion-one-full fusion-column-first fusion-column-last 1_1\"  style='margin-top:0px;margin-bottom:20px;'>\n\t\t\t\t\t<div class=\"fusion-column-wrapper\" style=\"padding: 0px 0px 0px 0px;background-position:left top;background-repeat:no-repeat;-webkit-background-size:cover;-moz-background-size:cover;-o-background-size:cover;background-size:cover;\"  data-bg-url=\"\">\n\t\t\t\t\t\t<div class=\"fusion-text\"><p>Aj\u00e1nlataink nem vonatkoznak a kiemelt id\u0151szakokra.<\/p>\n<\/div><div class=\"fusion-clearfix\"><\/div>\n\n\t\t\t\t\t<\/div>\n\t\t\t\t<\/div><\/div><div class=\"fusion-builder-row fusion-row \"><\/div><\/div>\n","protected":false},"excerpt":{"rendered":"","protected":false},"author":1,"featured_media":0,"parent":0,"menu_order":0,"comment_status":"open","ping_status":"open","template":"100-width.php","meta":[],"yoast_head":"<!-- This site is optimized with the Yoast SEO plugin v19.13 - https:\/\/yoast.com\/wordpress\/plugins\/seo\/ -->\n<title>Csomagaj\u00e1nlat - Orchidea Apartman Eger<\/title>\n<meta name=\"robots\" content=\"index, follow, max-snippet:-1, max-image-preview:large, max-video-preview:-1\" \/>\n<link rel=\"canonical\" href=\"https:\/\/apartman-orchidea.hu\/eger\/csomagajanlat\/\" \/>\n<meta property=\"og:locale\" content=\"hu_HU\" \/>\n<meta property=\"og:type\" content=\"article\" \/>\n<meta property=\"og:title\" content=\"Csomagaj\u00e1nlat - Orchidea Apartman Eger\" \/>\n<meta property=\"og:url\" content=\"https:\/\/apartman-orchidea.hu\/eger\/csomagajanlat\/\" \/>\n<meta property=\"og:site_name\" content=\"Orchidea Apartman Eger\" \/>\n<meta property=\"article:publisher\" content=\"https:\/\/www.facebook.com\/orchideaapartmaneger\/?fref=ts\" \/>\n<meta property=\"article:modified_time\" content=\"2020-02-25T09:48:47+00:00\" \/>\n<meta property=\"og:image\" content=\"https:\/\/apartman-orchidea.hu\/wp-content\/uploads\/2015\/04\/IMG_6895_resize-e1482092539280.jpg\" \/>\n\t<meta property=\"og:image:width\" content=\"1838\" \/>\n\t<meta property=\"og:image:height\" content=\"1276\" \/>\n\t<meta property=\"og:image:type\" content=\"image\/jpeg\" \/>\n<meta name=\"twitter:card\" content=\"summary_large_image\" \/>\n<meta name=\"twitter:label1\" content=\"Becs\u00fclt olvas\u00e1si id\u0151\" \/>\n\t<meta name=\"twitter:data1\" content=\"6 perc\" \/>\n<script type=\"application\/ld+json\" class=\"yoast-schema-graph\">{\"@context\":\"https:\/\/schema.org\",\"@graph\":[{\"@type\":\"WebPage\",\"@id\":\"https:\/\/apartman-orchidea.hu\/eger\/csomagajanlat\/\",\"url\":\"https:\/\/apartman-orchidea.hu\/eger\/csomagajanlat\/\",\"name\":\"Csomagaj\u00e1nlat - Orchidea Apartman Eger\",\"isPartOf\":{\"@id\":\"https:\/\/apartman-orchidea.hu\/eger\/#website\"},\"datePublished\":\"2015-02-03T20:15:53+00:00\",\"dateModified\":\"2020-02-25T09:48:47+00:00\",\"breadcrumb\":{\"@id\":\"https:\/\/apartman-orchidea.hu\/eger\/csomagajanlat\/#breadcrumb\"},\"inLanguage\":\"hu\",\"potentialAction\":[{\"@type\":\"ReadAction\",\"target\":[\"https:\/\/apartman-orchidea.hu\/eger\/csomagajanlat\/\"]}]},{\"@type\":\"BreadcrumbList\",\"@id\":\"https:\/\/apartman-orchidea.hu\/eger\/csomagajanlat\/#breadcrumb\",\"itemListElement\":[{\"@type\":\"ListItem\",\"position\":1,\"name\":\"Home\",\"item\":\"https:\/\/apartman-orchidea.hu\/eger\/\"},{\"@type\":\"ListItem\",\"position\":2,\"name\":\"Csomagaj\u00e1nlat\"}]},{\"@type\":\"WebSite\",\"@id\":\"https:\/\/apartman-orchidea.hu\/eger\/#website\",\"url\":\"https:\/\/apartman-orchidea.hu\/eger\/\",\"name\":\"Orchidea Apartman Eger\",\"description\":\"Vend\u00e9gh\u00e1z, kiad\u00f3 apartman Egerben\",\"potentialAction\":[{\"@type\":\"SearchAction\",\"target\":{\"@type\":\"EntryPoint\",\"urlTemplate\":\"https:\/\/apartman-orchidea.hu\/eger\/?s={search_term_string}\"},\"query-input\":\"required name=search_term_string\"}],\"inLanguage\":\"hu\"}]}<\/script>\n<!-- \/ Yoast SEO plugin. -->","yoast_head_json":{"title":"Csomagaj\u00e1nlat - Orchidea Apartman Eger","robots":{"index":"index","follow":"follow","max-snippet":"max-snippet:-1","max-image-preview":"max-image-preview:large","max-video-preview":"max-video-preview:-1"},"canonical":"https:\/\/apartman-orchidea.hu\/eger\/csomagajanlat\/","og_locale":"hu_HU","og_type":"article","og_title":"Csomagaj\u00e1nlat - Orchidea Apartman Eger","og_url":"https:\/\/apartman-orchidea.hu\/eger\/csomagajanlat\/","og_site_name":"Orchidea Apartman Eger","article_publisher":"https:\/\/www.facebook.com\/orchideaapartmaneger\/?fref=ts","article_modified_time":"2020-02-25T09:48:47+00:00","og_image":[{"width":1838,"height":1276,"url":"https:\/\/apartman-orchidea.hu\/wp-content\/uploads\/2015\/04\/IMG_6895_resize-e1482092539280.jpg","type":"image\/jpeg"}],"twitter_card":"summary_large_image","twitter_misc":{"Becs\u00fclt olvas\u00e1si id\u0151":"6 perc"},"schema":{"@context":"https:\/\/schema.org","@graph":[{"@type":"WebPage","@id":"https:\/\/apartman-orchidea.hu\/eger\/csomagajanlat\/","url":"https:\/\/apartman-orchidea.hu\/eger\/csomagajanlat\/","name":"Csomagaj\u00e1nlat - Orchidea Apartman Eger","isPartOf":{"@id":"https:\/\/apartman-orchidea.hu\/eger\/#website"},"datePublished":"2015-02-03T20:15:53+00:00","dateModified":"2020-02-25T09:48:47+00:00","breadcrumb":{"@id":"https:\/\/apartman-orchidea.hu\/eger\/csomagajanlat\/#breadcrumb"},"inLanguage":"hu","potentialAction":[{"@type":"ReadAction","target":["https:\/\/apartman-orchidea.hu\/eger\/csomagajanlat\/"]}]},{"@type":"BreadcrumbList","@id":"https:\/\/apartman-orchidea.hu\/eger\/csomagajanlat\/#breadcrumb","itemListElement":[{"@type":"ListItem","position":1,"name":"Home","item":"https:\/\/apartman-orchidea.hu\/eger\/"},{"@type":"ListItem","position":2,"name":"Csomagaj\u00e1nlat"}]},{"@type":"WebSite","@id":"https:\/\/apartman-orchidea.hu\/eger\/#website","url":"https:\/\/apartman-orchidea.hu\/eger\/","name":"Orchidea Apartman Eger","description":"Vend\u00e9gh\u00e1z, kiad\u00f3 apartman Egerben","potentialAction":[{"@type":"SearchAction","target":{"@type":"EntryPoint","urlTemplate":"https:\/\/apartman-orchidea.hu\/eger\/?s={search_term_string}"},"query-input":"required name=search_term_string"}],"inLanguage":"hu"}]}},"_links":{"self":[{"href":"https:\/\/apartman-orchidea.hu\/eger\/wp-json\/wp\/v2\/pages\/15"}],"collection":[{"href":"https:\/\/apartman-orchidea.hu\/eger\/wp-json\/wp\/v2\/pages"}],"about":[{"href":"https:\/\/apartman-orchidea.hu\/eger\/wp-json\/wp\/v2\/types\/page"}],"author":[{"embeddable":true,"href":"https:\/\/apartman-orchidea.hu\/eger\/wp-json\/wp\/v2\/users\/1"}],"replies":[{"embeddable":true,"href":"https:\/\/apartman-orchidea.hu\/eger\/wp-json\/wp\/v2\/comments?post=15"}],"version-history":[{"count":127,"href":"https:\/\/apartman-orchidea.hu\/eger\/wp-json\/wp\/v2\/pages\/15\/revisions"}],"predecessor-version":[{"id":3976,"href":"https:\/\/apartman-orchidea.hu\/eger\/wp-json\/wp\/v2\/pages\/15\/revisions\/3976"}],"wp:attachment":[{"href":"https:\/\/apartman-orchidea.hu\/eger\/wp-json\/wp\/v2\/media?parent=15"}],"curies":[{"name":"wp","href":"https:\/\/api.w.org\/{rel}","templated":true}]}}