{"id":1997,"date":"2015-02-03T20:14:10","date_gmt":"2015-02-03T19:14:10","guid":{"rendered":"http:\/\/avada.theme-fusion.com_demos\/hotel\/?page_id=7"},"modified":"2017-03-01T20:59:35","modified_gmt":"2017-03-01T19:59:35","slug":"apartman","status":"publish","type":"page","link":"https:\/\/apartman-orchidea.hu\/eger\/apartman\/","title":{"rendered":"APARTMAN"},"content":{"rendered":"<p><div class=\"fusion-fullwidth fullwidth-box nonhundred-percent-fullwidth non-hundred-percent-height-scrolling fusion-equal-height-columns\"  style='background-color: #ffffff;background-position: left top;background-repeat: no-repeat;padding-top:0px;padding-right:0px;padding-bottom:70px;padding-left:0px;border-top-width:0px;border-bottom-width:0px;border-color:#eae9e9;border-top-style:solid;border-bottom-style:solid;'><div class=\"fusion-builder-row fusion-row \"><div  class=\"fusion-layout-column fusion_builder_column fusion_builder_column_2_3  fusion-two-third fusion-column-first 2_3\"  style='margin-top:0px;margin-bottom:20px;width:65.3333%; margin-right: 4%;'>\n\t\t\t\t\t<div class=\"fusion-column-wrapper\" style=\"background-position:right bottom;background-repeat:no-repeat;-webkit-background-size:cover;-moz-background-size:cover;-o-background-size:cover;background-size:cover;\"  data-bg-url=\"\">\n\t\t\t\t\t\t<div class=\"fusion-text\"><h1>Apartman<\/h1>\n<\/div><div class=\"fusion-sep-clear\"><\/div><div class=\"fusion-separator sep-single sep-solid\" style=\"border-color:#cbaa5c;border-top-width:1px;margin-top:0px;margin-bottom:20px;width:100%;max-width:50px;\"><\/div><div class=\"fusion-text\"><p style=\"text-align: justify;\">Apartmanunk l\u00e9gkondicion\u00e1lt, riaszt\u00f3val \u00e9s ingyenes WI-FI hozz\u00e1f\u00e9r\u00e9ssel ell\u00e1tott, n\u00e9gy f\u0151 k\u00e9nyelmes befogad\u00e1s\u00e1ra alkalmas. Az apartmanhoz zuhanyz\u00f3s f\u00fcrd\u0151szoba, erk\u00e9ly \u00e9s j\u00f3l felszerelt konyha tartozik. A parkol\u00e1s egyar\u00e1nt ingyenes a liftes \u00e9p\u00fclethez tartoz\u00f3 z\u00e1rt udvarban, vagy az \u00e9p\u00fclet el\u0151tt. Apartmanunk nem doh\u00e1nyz\u00f3, azonban az erk\u00e9lyen \u00e9s a z\u00e1rt udvarban doh\u00e1nyz\u00e1sra kijel\u00f6lt hely tal\u00e1lhat\u00f3.<\/p>\n<p style=\"text-align: justify;\">KIALAK\u00cdT\u00c1S<\/p>\n<p style=\"text-align: justify;\">Studio apartmanunk egy l\u00e9gter\u0171, 37 m2 ter\u00fclet\u0171. Az apartmanban egy darab francia\u00e1gy (2 f\u0151) \u00e9s egy \u00e1ggy\u00e1 alak\u00edthat\u00f3 kanap\u00e9 (2 f\u0151) tal\u00e1lhat\u00f3. Konyh\u00e1nk j\u00f3l felszerelt, p\u00e1raelsz\u00edv\u00f3, t\u0171zhely, s\u00fct\u0151, mikrohull\u00e1m\u00fa s\u00fct\u0151 \u00e9s h\u0171t\u0151szekr\u00e9ny, \u00e9tkez\u0151 is rendelkez\u00e9sre \u00e1ll. A f\u00fcrd\u0151szoba zuhanyz\u00f3s, mos\u00f3g\u00e9ppel, hajsz\u00e1r\u00edt\u00f3val felszerelt. Ny\u00e1ri id\u0151szakban l\u00e9gkondicion\u00e1l\u00e1s, t\u00e9len f\u0171t\u00e9s biztos\u00edtott, tov\u00e1bb\u00e1 LCD telev\u00edzi\u00f3, k\u00e1belTV, erk\u00e9ly, ingyenes WI-FI, \u00e9s ingyenes z\u00e1rt parkol\u00e1si lehet\u0151s\u00e9g az udvarban.<\/p>\n<\/div><div class=\"fusion-sep-clear\"><\/div><div class=\"fusion-separator fusion-full-width-sep sep-none\" style=\"margin-left: auto;margin-right: auto;margin-top:15px;\"><\/div><div class=\"fusion-button-wrapper fusion-alignleft\"><style type=\"text\/css\" scoped=\"scoped\">.fusion-button.button-1 .fusion-button-text, .fusion-button.button-1 i {color:#ffffff;}.fusion-button.button-1 {border-width:0px;border-color:#ffffff;}.fusion-button.button-1 .fusion-button-icon-divider{border-color:#ffffff;}.fusion-button.button-1:hover .fusion-button-text, .fusion-button.button-1:hover i,.fusion-button.button-1:focus .fusion-button-text, .fusion-button.button-1:focus i,.fusion-button.button-1:active .fusion-button-text, .fusion-button.button-1:active{color:#ffffff;}.fusion-button.button-1:hover, .fusion-button.button-1:focus, .fusion-button.button-1:active{border-width:0px;border-color:#ffffff;}.fusion-button.button-1:hover .fusion-button-icon-divider, .fusion-button.button-1:hover .fusion-button-icon-divider, .fusion-button.button-1:active .fusion-button-icon-divider{border-color:#ffffff;}.fusion-button.button-1{width:auto;}<\/style><a class=\"fusion-button button-flat fusion-button-square button-large button-default button-1\" target=\"_self\" title=\"aj\u00e1nlatk\u00e9r\u00e9s\" href=\"https:\/\/apartman-orchidea.hu\/kapcsolat\/#booking\"><span class=\"fusion-button-text fusion-button-text-right\">AJ\u00c1NLATK\u00c9R\u00c9S<\/span><span class=\"fusion-button-icon-divider button-icon-divider-right\"><i class=\" fa fa-angle-right\"><\/i><\/span><\/a><\/div><div class=\"fusion-clearfix\"><\/div>\n\n\t\t\t\t\t<\/div>\n\t\t\t\t<\/div><div  class=\"fusion-layout-column fusion_builder_column fusion_builder_column_1_3  fusion-one-third fusion-column-last fusion-blend-mode 1_3\"  style='margin-top:0px;margin-bottom:20px;width:30.6666%'>\n\t\t\t\t\t<div class=\"fusion-column-wrapper\" style=\"background-color:#e8e8e8;border-left:1px solid #ebeef1;padding: 40px;background-position:right top;background-repeat:no-repeat;-webkit-background-size:cover;-moz-background-size:cover;-o-background-size:cover;background-size:cover;\"  data-bg-url=\"\">\n\t\t\t\t\t\t<div class=\"imageframe-align-center\"><div class=\"imageframe-liftup\"><span style=\"border:13px solid #ffffff;-moz-box-shadow: 2px 3px 7px rgba(0,0,0,.3);-webkit-box-shadow: 2px 3px 7px rgba(0,0,0,.3);box-shadow: 2px 3px 7px rgba(0,0,0,.3);\" class=\"fusion-imageframe imageframe-dropshadow imageframe-1\"><img decoding=\"async\" loading=\"lazy\" src=\"https:\/\/apartman-orchidea.hu\/wp-content\/uploads\/2015\/02\/IMG_6874_resize.jpg\" width=\"1920\" height=\"1280\" alt=\"\" title=\"img_6874_resize\" class=\"img-responsive wp-image-2564\" srcset=\"https:\/\/apartman-orchidea.hu\/wp-content\/uploads\/2015\/02\/IMG_6874_resize-200x133.jpg 200w, https:\/\/apartman-orchidea.hu\/wp-content\/uploads\/2015\/02\/IMG_6874_resize-400x267.jpg 400w, https:\/\/apartman-orchidea.hu\/wp-content\/uploads\/2015\/02\/IMG_6874_resize-600x400.jpg 600w, https:\/\/apartman-orchidea.hu\/wp-content\/uploads\/2015\/02\/IMG_6874_resize-800x533.jpg 800w, https:\/\/apartman-orchidea.hu\/wp-content\/uploads\/2015\/02\/IMG_6874_resize-1200x800.jpg 1200w, https:\/\/apartman-orchidea.hu\/wp-content\/uploads\/2015\/02\/IMG_6874_resize.jpg 1920w\" sizes=\"(max-width: 1105px) 100vw, 400px\" \/><\/span><\/div><\/div><div class=\"fusion-sep-clear\"><\/div><div class=\"fusion-separator fusion-full-width-sep sep-none\" style=\"margin-left: auto;margin-right: auto;margin-top:15px;\"><\/div><div class=\"fusion-text\"><h4>Szolg\u00e1ltat\u00e1saink<\/h4>\n<\/div><ul class=\"fusion-checklist fusion-checklist-1\" style=\"font-size:14px;line-height:23.8px;\"><li class=\"fusion-li-item\"><span style=\"height:23.8px;width:23.8px;margin-right:9.8px;\" class=\"icon-wrapper circle-no\"><i class=\"fusion-li-icon  fa fa-check-circle-o\" style=\"color:#cbaa5c;\"><\/i><\/span><div class=\"fusion-li-item-content\" style=\"margin-left:33.6px;\">hajsz\u00e1r\u00edt\u00f3<\/div><\/li><li class=\"fusion-li-item\"><span style=\"height:23.8px;width:23.8px;margin-right:9.8px;\" class=\"icon-wrapper circle-no\"><i class=\"fusion-li-icon  fa fa-check-circle-o\" style=\"color:#cbaa5c;\"><\/i><\/span><div class=\"fusion-li-item-content\" style=\"margin-left:33.6px;\">\n<p>ruhasz\u00e1r\u00edt\u00f3 \u00e1llv\u00e1ny<\/p>\n<\/div><\/li><li class=\"fusion-li-item\"><span style=\"height:23.8px;width:23.8px;margin-right:9.8px;\" class=\"icon-wrapper circle-no\"><i class=\"fusion-li-icon  fa fa-check-circle-o\" style=\"color:#cbaa5c;\"><\/i><\/span><div class=\"fusion-li-item-content\" style=\"margin-left:33.6px;\">\n<p>vasal\u00f3<\/p>\n<\/div><\/li><li class=\"fusion-li-item\"><span style=\"height:23.8px;width:23.8px;margin-right:9.8px;\" class=\"icon-wrapper circle-no\"><i class=\"fusion-li-icon  fa fa-check-circle-o\" style=\"color:#cbaa5c;\"><\/i><\/span><div class=\"fusion-li-item-content\" style=\"margin-left:33.6px;\">\n<p>\u00e1sv\u00e1nyv\u00edz<\/p>\n<\/div><\/li><li class=\"fusion-li-item\"><span style=\"height:23.8px;width:23.8px;margin-right:9.8px;\" class=\"icon-wrapper circle-no\"><i class=\"fusion-li-icon  fa fa-check-circle-o\" style=\"color:#cbaa5c;\"><\/i><\/span><div class=\"fusion-li-item-content\" style=\"margin-left:33.6px;\">\n<p>\u00fcd\u00edt\u0151 \u00e9s bor bek\u00e9sz\u00edt\u00e9s<\/p>\n<\/div><\/li><li class=\"fusion-li-item\"><span style=\"height:23.8px;width:23.8px;margin-right:9.8px;\" class=\"icon-wrapper circle-no\"><i class=\"fusion-li-icon  fa fa-check-circle-o\" style=\"color:#cbaa5c;\"><\/i><\/span><div class=\"fusion-li-item-content\" style=\"margin-left:33.6px;\">\n<p>ingyenes k\u00e1v\u00e9 \u00e9s teafogyaszt\u00e1s<\/p>\n<\/div><\/li><\/ul><div class=\"fusion-clearfix\"><\/div>\n\n\t\t\t\t\t<\/div>\n\t\t\t\t<\/div><\/div><\/div><div class=\"fusion-fullwidth fullwidth-box fusion-parallax-fixed nonhundred-percent-fullwidth non-hundred-percent-height-scrolling\"  style='background-color: #303030;background-image: url(\"https:\/\/apartman-orchidea.hu\/wp-content\/uploads\/2016\/12\/r\u00f3lunk.jpg\");background-position: center bottom;background-repeat: no-repeat;padding-top:160px;padding-right:0px;padding-bottom:130px;padding-left:0px;border-top-width:0px;border-bottom-width:0px;border-color:#eae9e9;border-top-style:solid;border-bottom-style:solid;-webkit-background-size:cover;-moz-background-size:cover;-o-background-size:cover;background-size:cover;background-attachment:fixed;'><div class=\"fusion-builder-row fusion-row \"><div  class=\"fusion-layout-column fusion_builder_column fusion_builder_column_1_6  fusion-one-sixth fusion-column-first 1_6\"  style='margin-top:0px;margin-bottom:20px;width:13.3333%; margin-right: 4%;'>\n\t\t\t\t\t<div class=\"fusion-column-wrapper\" style=\"background-position:left top;background-repeat:no-repeat;-webkit-background-size:cover;-moz-background-size:cover;-o-background-size:cover;background-size:cover;\"  data-bg-url=\"\">\n\t\t\t\t\t\t<div class=\"fusion-clearfix\"><\/div>\n\n\t\t\t\t\t<\/div>\n\t\t\t\t<\/div><div  class=\"fusion-layout-column fusion_builder_column fusion_builder_column_2_3  fusion-two-third 2_3\"  style='margin-top:0px;margin-bottom:20px;width:65.3333%; margin-right: 4%;'>\n\t\t\t\t\t<div class=\"fusion-column-wrapper\" style=\"background-position:left top;background-repeat:no-repeat;-webkit-background-size:cover;-moz-background-size:cover;-o-background-size:cover;background-size:cover;\"  data-bg-url=\"\">\n\t\t\t\t\t\t<div class=\"fusion-testimonials clean fusion-testimonials-1\" data-random=\"0\"><style type=\"text\/css\" scoped=\"scoped\">#fusion-testimonials-1 a{border-color:#383736;}#fusion-testimonials-1 a:hover, #fusion-testimonials-1 .activeSlide{background-color: #383736;}.fusion-testimonials.clean.fusion-testimonials-1 .author:after{border-top-color:rgba(247,239,234,0) !important;}<\/style><div class=\"reviews\"><div class=\"review no-avatar\"><blockquote style=\"margin: -25px;background-color:rgba(247,239,234,0);\"><q style=\"background-color:rgba(247,239,234,0);color:#383736;\" class=\"fusion-clearfix\">\n<h4 style=\"text-align: center;\"><em>&#8222;Fantasztikusan \u00e9rezt\u00fck magunkat!<br \/>\n<\/em><em>A sz\u00e1ll\u00e1sad\u00f3nk nagyon kedves volt, seg\u00edtett amiben tudott. Az apartman pedig a kedvenc\u00fcnkk\u00e9 v\u00e1lt. Tisztas\u00e1g, rend, k\u00e9nyelem, felszerelts\u00e9g. Mindent megkaptunk \u00e9s remek\u00fcl \u00e9rezt\u00fck magunkat! Biztosan visszat\u00e9r\u00fcnk!&#8221;<\/em><\/h4>\n<\/q><\/blockquote><div class=\"author\" style=\"color:#383736;\"><span class=\"company-name\"><strong>Fiatal p\u00e1r <\/strong>, <span>Forr\u00e1s: https:\/\/szallas.hu\/<\/span><\/span><\/div><\/div><div class=\"review no-avatar\"><blockquote style=\"margin: -25px;background-color:rgba(247,239,234,0);\"><q style=\"background-color:rgba(247,239,234,0);color:#383736;\" class=\"fusion-clearfix\">\n<h4 style=\"text-align: center;\"><em>&#8222;Az\u00e9rt \u00e9reztem j\u00f3l magam az Orchidea Apartmanban, mert b\u0151ven elegend\u0151 volt a hely, csendes volt, minden megvolt amire sz\u00fcks\u00e9g\u00fcnk volt, \u00e9s minden k\u00f6zel volt.&#8221;<\/em><\/h4>\n<\/q><\/blockquote><div class=\"author\" style=\"color:#383736;\"><span class=\"company-name\"><strong>Balogh Verona<\/strong><\/span><\/div><\/div><div class=\"review no-avatar\"><blockquote style=\"margin: -25px;background-color:rgba(247,239,234,0);\"><q style=\"background-color:rgba(247,239,234,0);color:#383736;\" class=\"fusion-clearfix\">\n<h4 style=\"text-align: center;\"><em>&#8222;Egy praktikusan felszerelt, l\u00e9gkondicion\u00e1lt, j\u00f3l lokaliz\u00e1lt sz\u00e1ll\u00e1shelyr\u0151l j\u00e1rhattuk be Egert. Az tetszett a legjobban a sz\u00e1ll\u00e1shelyen, hogy fiatalos, modern, minden ig\u00e9nyt kiel\u00e9g\u00edt. Sz\u00edvesen aj\u00e1nlom az apartmant m\u00e1soknak is, mivel k\u00f6zel van a belv\u00e1roshoz \u00e9s a vas\u00fat\u00e1llom\u00e1shoz is, csendes, tiszta \u00e9s bar\u00e1ts\u00e1gos.&#8221;<\/em><\/h4>\n<\/q><\/blockquote><div class=\"author\" style=\"color:#383736;\"><span class=\"company-name\"><strong>k\u00f6z\u00e9pkor\u00fa p\u00e1r<\/strong><\/span><\/div><\/div><\/div><div class=\"testimonial-pagination\" id=\"fusion-testimonials-1\"><\/div><\/div><div class=\"fusion-clearfix\"><\/div>\n\n\t\t\t\t\t<\/div>\n\t\t\t\t<\/div><div  class=\"fusion-layout-column fusion_builder_column fusion_builder_column_1_6  fusion-one-sixth fusion-column-last 1_6\"  style='margin-top:0px;margin-bottom:20px;width:13.3333%'>\n\t\t\t\t\t<div class=\"fusion-column-wrapper\" style=\"background-position:left top;background-repeat:no-repeat;-webkit-background-size:cover;-moz-background-size:cover;-o-background-size:cover;background-size:cover;\"  data-bg-url=\"\">\n\t\t\t\t\t\t<div class=\"fusion-clearfix\"><\/div>\n\n\t\t\t\t\t<\/div>\n\t\t\t\t<\/div><\/div><\/div><div class=\"fusion-fullwidth fullwidth-box nonhundred-percent-fullwidth non-hundred-percent-height-scrolling\"  style='background-color: #ffffff;background-position: center center;background-repeat: no-repeat;padding-top:20px;padding-right:0px;padding-bottom:20px;padding-left:0px;'><div class=\"fusion-builder-row fusion-row \"><div  class=\"fusion-layout-column fusion_builder_column fusion_builder_column_1_1  fusion-one-full fusion-column-first fusion-column-last 1_1\"  style='margin-top:0px;margin-bottom:20px;'>\n\t\t\t\t\t<div class=\"fusion-column-wrapper\" style=\"background-position:left top;background-repeat:no-repeat;-webkit-background-size:cover;-moz-background-size:cover;-o-background-size:cover;background-size:cover;\"  data-bg-url=\"\">\n\t\t\t\t\t\t<div class=\"fusion-image-carousel fusion-image-carousel-auto lightbox-enabled\"><div class=\"fusion-carousel\" data-autoplay=\"yes\" data-columns=\"3\" data-itemmargin=\"40\" data-itemwidth=\"180\" data-touchscroll=\"no\" data-imagesize=\"auto\" data-scrollitems=\"1\"><div class=\"fusion-carousel-positioner\"><ul class=\"fusion-carousel-holder\"><li class=\"fusion-carousel-item\"><div class=\"fusion-carousel-item-wrapper\"><div class=\"fusion-image-wrapper hover-type-liftup\"><a data-rel=\"iLightbox[gallery_image_1]\" data-title=\"haloszoba1\" aria-label=\"haloszoba1\" href=\"https:\/\/apartman-orchidea.hu\/wp-content\/uploads\/2015\/05\/h\u00e1l\u00f3szoba1-213x300.jpg\" target=\"_self\"><img width=\"363\" height=\"511\" src=\"https:\/\/apartman-orchidea.hu\/wp-content\/uploads\/2015\/05\/h\u00e1l\u00f3szoba1.jpg\" class=\"attachment-full size-full\" alt=\"\" decoding=\"async\" loading=\"lazy\" srcset=\"https:\/\/apartman-orchidea.hu\/wp-content\/uploads\/2015\/05\/h\u00e1l\u00f3szoba1-200x282.jpg 200w, https:\/\/apartman-orchidea.hu\/wp-content\/uploads\/2015\/05\/h\u00e1l\u00f3szoba1-213x300.jpg 213w, https:\/\/apartman-orchidea.hu\/wp-content\/uploads\/2015\/05\/h\u00e1l\u00f3szoba1.jpg 363w\" sizes=\"(max-width: 363px) 100vw, 363px\" \/><\/a><\/div><\/div><\/li><li class=\"fusion-carousel-item\"><div class=\"fusion-carousel-item-wrapper\"><div class=\"fusion-image-wrapper hover-type-liftup\"><a data-rel=\"iLightbox[gallery_image_1]\" data-title=\"kert\" aria-label=\"kert\" href=\"https:\/\/apartman-orchidea.hu\/wp-content\/uploads\/2015\/05\/kert-213x300.jpg\" target=\"_self\"><img width=\"363\" height=\"511\" src=\"https:\/\/apartman-orchidea.hu\/wp-content\/uploads\/2015\/05\/kert.jpg\" class=\"attachment-full size-full\" alt=\"\" decoding=\"async\" loading=\"lazy\" srcset=\"https:\/\/apartman-orchidea.hu\/wp-content\/uploads\/2015\/05\/kert-200x282.jpg 200w, https:\/\/apartman-orchidea.hu\/wp-content\/uploads\/2015\/05\/kert-213x300.jpg 213w, https:\/\/apartman-orchidea.hu\/wp-content\/uploads\/2015\/05\/kert.jpg 363w\" sizes=\"(max-width: 363px) 100vw, 363px\" \/><\/a><\/div><\/div><\/li><li class=\"fusion-carousel-item\"><div class=\"fusion-carousel-item-wrapper\"><div class=\"fusion-image-wrapper hover-type-liftup\"><a data-rel=\"iLightbox[gallery_image_1]\" data-title=\"etkezo\" aria-label=\"etkezo\" href=\"https:\/\/apartman-orchidea.hu\/wp-content\/uploads\/2015\/05\/\u00e9tkez\u0151-213x300.jpg\" target=\"_self\"><img width=\"363\" height=\"511\" src=\"https:\/\/apartman-orchidea.hu\/wp-content\/uploads\/2015\/05\/\u00e9tkez\u0151.jpg\" class=\"attachment-full size-full\" alt=\"\" decoding=\"async\" loading=\"lazy\" srcset=\"https:\/\/apartman-orchidea.hu\/wp-content\/uploads\/2015\/05\/\u00e9tkez\u0151-200x282.jpg 200w, https:\/\/apartman-orchidea.hu\/wp-content\/uploads\/2015\/05\/\u00e9tkez\u0151-213x300.jpg 213w, https:\/\/apartman-orchidea.hu\/wp-content\/uploads\/2015\/05\/\u00e9tkez\u0151.jpg 363w\" sizes=\"(max-width: 363px) 100vw, 363px\" \/><\/a><\/div><\/div><\/li><li class=\"fusion-carousel-item\"><div class=\"fusion-carousel-item-wrapper\"><div class=\"fusion-image-wrapper hover-type-liftup\"><a data-rel=\"iLightbox[gallery_image_1]\" data-title=\"reggeli\" aria-label=\"reggeli\" href=\"https:\/\/apartman-orchidea.hu\/wp-content\/uploads\/2015\/05\/reggeli-213x300.jpg\" target=\"_self\"><img width=\"363\" height=\"511\" src=\"https:\/\/apartman-orchidea.hu\/wp-content\/uploads\/2015\/05\/reggeli.jpg\" class=\"attachment-full size-full\" alt=\"\" decoding=\"async\" loading=\"lazy\" srcset=\"https:\/\/apartman-orchidea.hu\/wp-content\/uploads\/2015\/05\/reggeli-200x282.jpg 200w, https:\/\/apartman-orchidea.hu\/wp-content\/uploads\/2015\/05\/reggeli-213x300.jpg 213w, https:\/\/apartman-orchidea.hu\/wp-content\/uploads\/2015\/05\/reggeli.jpg 363w\" sizes=\"(max-width: 363px) 100vw, 363px\" \/><\/a><\/div><\/div><\/li><\/ul><div class=\"fusion-carousel-nav\"><span class=\"fusion-nav-prev\"><\/span><span class=\"fusion-nav-next\"><\/span><\/div><\/div><\/div><\/div><div class=\"fusion-clearfix\"><\/div>\n\n\t\t\t\t\t<\/div>\n\t\t\t\t<\/div><\/div><\/div><\/p>\n","protected":false},"excerpt":{"rendered":"","protected":false},"author":1,"featured_media":0,"parent":0,"menu_order":0,"comment_status":"open","ping_status":"closed","template":"100-width.php","meta":[],"yoast_head":"<!-- This site is optimized with the Yoast SEO plugin v19.13 - https:\/\/yoast.com\/wordpress\/plugins\/seo\/ -->\n<title>APARTMAN - Orchidea Apartman Eger<\/title>\n<meta name=\"robots\" content=\"index, follow, max-snippet:-1, max-image-preview:large, max-video-preview:-1\" \/>\n<link rel=\"canonical\" href=\"https:\/\/apartman-orchidea.hu\/eger\/apartman\/\" \/>\n<meta property=\"og:locale\" content=\"hu_HU\" \/>\n<meta property=\"og:type\" content=\"article\" \/>\n<meta property=\"og:title\" content=\"APARTMAN - Orchidea Apartman Eger\" \/>\n<meta property=\"og:url\" content=\"https:\/\/apartman-orchidea.hu\/eger\/apartman\/\" \/>\n<meta property=\"og:site_name\" content=\"Orchidea Apartman Eger\" \/>\n<meta property=\"article:publisher\" content=\"https:\/\/www.facebook.com\/orchideaapartmaneger\/?fref=ts\" \/>\n<meta property=\"article:modified_time\" content=\"2017-03-01T19:59:35+00:00\" \/>\n<meta property=\"og:image\" content=\"https:\/\/apartman-orchidea.hu\/wp-content\/uploads\/2015\/04\/IMG_6895_resize-e1482092539280.jpg\" \/>\n\t<meta property=\"og:image:width\" content=\"1838\" \/>\n\t<meta property=\"og:image:height\" content=\"1276\" \/>\n\t<meta property=\"og:image:type\" content=\"image\/jpeg\" \/>\n<meta name=\"twitter:card\" content=\"summary_large_image\" \/>\n<meta name=\"twitter:label1\" content=\"Becs\u00fclt olvas\u00e1si id\u0151\" \/>\n\t<meta name=\"twitter:data1\" content=\"6 perc\" \/>\n<script type=\"application\/ld+json\" class=\"yoast-schema-graph\">{\"@context\":\"https:\/\/schema.org\",\"@graph\":[{\"@type\":\"WebPage\",\"@id\":\"https:\/\/apartman-orchidea.hu\/eger\/apartman\/\",\"url\":\"https:\/\/apartman-orchidea.hu\/eger\/apartman\/\",\"name\":\"APARTMAN - Orchidea Apartman Eger\",\"isPartOf\":{\"@id\":\"https:\/\/apartman-orchidea.hu\/eger\/#website\"},\"datePublished\":\"2015-02-03T19:14:10+00:00\",\"dateModified\":\"2017-03-01T19:59:35+00:00\",\"breadcrumb\":{\"@id\":\"https:\/\/apartman-orchidea.hu\/eger\/apartman\/#breadcrumb\"},\"inLanguage\":\"hu\",\"potentialAction\":[{\"@type\":\"ReadAction\",\"target\":[\"https:\/\/apartman-orchidea.hu\/eger\/apartman\/\"]}]},{\"@type\":\"BreadcrumbList\",\"@id\":\"https:\/\/apartman-orchidea.hu\/eger\/apartman\/#breadcrumb\",\"itemListElement\":[{\"@type\":\"ListItem\",\"position\":1,\"name\":\"Home\",\"item\":\"https:\/\/apartman-orchidea.hu\/eger\/\"},{\"@type\":\"ListItem\",\"position\":2,\"name\":\"APARTMAN\"}]},{\"@type\":\"WebSite\",\"@id\":\"https:\/\/apartman-orchidea.hu\/eger\/#website\",\"url\":\"https:\/\/apartman-orchidea.hu\/eger\/\",\"name\":\"Orchidea Apartman Eger\",\"description\":\"Vend\u00e9gh\u00e1z, kiad\u00f3 apartman Egerben\",\"potentialAction\":[{\"@type\":\"SearchAction\",\"target\":{\"@type\":\"EntryPoint\",\"urlTemplate\":\"https:\/\/apartman-orchidea.hu\/eger\/?s={search_term_string}\"},\"query-input\":\"required name=search_term_string\"}],\"inLanguage\":\"hu\"}]}<\/script>\n<!-- \/ Yoast SEO plugin. -->","yoast_head_json":{"title":"APARTMAN - Orchidea Apartman Eger","robots":{"index":"index","follow":"follow","max-snippet":"max-snippet:-1","max-image-preview":"max-image-preview:large","max-video-preview":"max-video-preview:-1"},"canonical":"https:\/\/apartman-orchidea.hu\/eger\/apartman\/","og_locale":"hu_HU","og_type":"article","og_title":"APARTMAN - Orchidea Apartman Eger","og_url":"https:\/\/apartman-orchidea.hu\/eger\/apartman\/","og_site_name":"Orchidea Apartman Eger","article_publisher":"https:\/\/www.facebook.com\/orchideaapartmaneger\/?fref=ts","article_modified_time":"2017-03-01T19:59:35+00:00","og_image":[{"width":1838,"height":1276,"url":"https:\/\/apartman-orchidea.hu\/wp-content\/uploads\/2015\/04\/IMG_6895_resize-e1482092539280.jpg","type":"image\/jpeg"}],"twitter_card":"summary_large_image","twitter_misc":{"Becs\u00fclt olvas\u00e1si id\u0151":"6 perc"},"schema":{"@context":"https:\/\/schema.org","@graph":[{"@type":"WebPage","@id":"https:\/\/apartman-orchidea.hu\/eger\/apartman\/","url":"https:\/\/apartman-orchidea.hu\/eger\/apartman\/","name":"APARTMAN - Orchidea Apartman Eger","isPartOf":{"@id":"https:\/\/apartman-orchidea.hu\/eger\/#website"},"datePublished":"2015-02-03T19:14:10+00:00","dateModified":"2017-03-01T19:59:35+00:00","breadcrumb":{"@id":"https:\/\/apartman-orchidea.hu\/eger\/apartman\/#breadcrumb"},"inLanguage":"hu","potentialAction":[{"@type":"ReadAction","target":["https:\/\/apartman-orchidea.hu\/eger\/apartman\/"]}]},{"@type":"BreadcrumbList","@id":"https:\/\/apartman-orchidea.hu\/eger\/apartman\/#breadcrumb","itemListElement":[{"@type":"ListItem","position":1,"name":"Home","item":"https:\/\/apartman-orchidea.hu\/eger\/"},{"@type":"ListItem","position":2,"name":"APARTMAN"}]},{"@type":"WebSite","@id":"https:\/\/apartman-orchidea.hu\/eger\/#website","url":"https:\/\/apartman-orchidea.hu\/eger\/","name":"Orchidea Apartman Eger","description":"Vend\u00e9gh\u00e1z, kiad\u00f3 apartman Egerben","potentialAction":[{"@type":"SearchAction","target":{"@type":"EntryPoint","urlTemplate":"https:\/\/apartman-orchidea.hu\/eger\/?s={search_term_string}"},"query-input":"required name=search_term_string"}],"inLanguage":"hu"}]}},"_links":{"self":[{"href":"https:\/\/apartman-orchidea.hu\/eger\/wp-json\/wp\/v2\/pages\/1997"}],"collection":[{"href":"https:\/\/apartman-orchidea.hu\/eger\/wp-json\/wp\/v2\/pages"}],"about":[{"href":"https:\/\/apartman-orchidea.hu\/eger\/wp-json\/wp\/v2\/types\/page"}],"author":[{"embeddable":true,"href":"https:\/\/apartman-orchidea.hu\/eger\/wp-json\/wp\/v2\/users\/1"}],"replies":[{"embeddable":true,"href":"https:\/\/apartman-orchidea.hu\/eger\/wp-json\/wp\/v2\/comments?post=1997"}],"version-history":[{"count":147,"href":"https:\/\/apartman-orchidea.hu\/eger\/wp-json\/wp\/v2\/pages\/1997\/revisions"}],"predecessor-version":[{"id":3545,"href":"https:\/\/apartman-orchidea.hu\/eger\/wp-json\/wp\/v2\/pages\/1997\/revisions\/3545"}],"wp:attachment":[{"href":"https:\/\/apartman-orchidea.hu\/eger\/wp-json\/wp\/v2\/media?parent=1997"}],"curies":[{"name":"wp","href":"https:\/\/api.w.org\/{rel}","templated":true}]}}