{"id":2883,"date":"2016-12-23T13:14:54","date_gmt":"2016-12-23T12:14:54","guid":{"rendered":"http:\/\/apartman-orchidea.hu\/?page_id=2883"},"modified":"2026-03-31T13:03:30","modified_gmt":"2026-03-31T11:03:30","slug":"hazirend","status":"publish","type":"page","link":"https:\/\/apartman-orchidea.hu\/eger\/hazirend\/","title":{"rendered":"H\u00c1ZIREND"},"content":{"rendered":"<div class=\"fusion-fullwidth fullwidth-box nonhundred-percent-fullwidth non-hundred-percent-height-scrolling\"  style='background-color: #ffffff;background-position: center center;background-repeat: no-repeat;padding-top:0%;padding-right:20%;padding-bottom:20%;padding-left:20%;'><div class=\"fusion-builder-row fusion-row \"><div  class=\"fusion-layout-column fusion_builder_column fusion_builder_column_1_6  fusion-one-sixth fusion-column-first 1_6\"  style='margin-top:0px;margin-bottom:20px;width:16.66%;width:calc(16.66% - ( ( 4% + 4% ) * 0.1666 ) );margin-right: 4%;'>\n\t\t\t\t\t<div class=\"fusion-column-wrapper\" style=\"padding: 0px 0px 0px 0px;background-position:left top;background-repeat:no-repeat;-webkit-background-size:cover;-moz-background-size:cover;-o-background-size:cover;background-size:cover;\"  data-bg-url=\"\">\n\t\t\t\t\t\t<div class=\"fusion-clearfix\"><\/div>\n\n\t\t\t\t\t<\/div>\n\t\t\t\t<\/div><div  class=\"fusion-layout-column fusion_builder_column fusion_builder_column_2_3  fusion-two-third 2_3\"  style='margin-top:0px;margin-bottom:20px;width:66.66%;width:calc(66.66% - ( ( 4% + 4% ) * 0.6666 ) );margin-right: 4%;'>\n\t\t\t\t\t<div class=\"fusion-column-wrapper\" style=\"padding: 0px 0px 10px 0px;background-position:right bottom;background-repeat:no-repeat;-webkit-background-size:cover;-moz-background-size:cover;-o-background-size:cover;background-size:cover;\"  data-bg-url=\"\">\n\t\t\t\t\t\t<div class=\"fusion-text\"><h1 style=\"text-align: center;\">H\u00c1ZIREND<\/h1>\n<\/div><div class=\"fusion-text\"><p style=\"letter-spacing: 4px; font-size: 13px; margin-bottom: 0px; text-align: center;\">K\u00e9rj\u00fck, olvassa el az al\u00e1bbi h\u00e1zirendet, amely seg\u00edts\u00e9get ny\u00fajt az apartman megfelel\u0151 haszn\u00e1lat\u00e1hoz!<\/p>\n<\/div><div class=\"fusion-clearfix\"><\/div>\n\n\t\t\t\t\t<\/div>\n\t\t\t\t<\/div><div  class=\"fusion-layout-column fusion_builder_column fusion_builder_column_1_6  fusion-one-sixth fusion-column-last 1_6\"  style='margin-top:0px;margin-bottom:20px;width:16.66%;width:calc(16.66% - ( ( 4% + 4% ) * 0.1666 ) );'>\n\t\t\t\t\t<div class=\"fusion-column-wrapper\" style=\"padding: 0px 0px 0px 0px;background-position:left top;background-repeat:no-repeat;-webkit-background-size:cover;-moz-background-size:cover;-o-background-size:cover;background-size:cover;\"  data-bg-url=\"\">\n\t\t\t\t\t\t<div class=\"fusion-clearfix\"><\/div>\n\n\t\t\t\t\t<\/div>\n\t\t\t\t<\/div><div  class=\"fusion-layout-column fusion_builder_column fusion_builder_column_1_1  fusion-one-full fusion-column-first fusion-column-last 1_1\"  style='margin-top:0px;margin-bottom:20px;'>\n\t\t\t\t\t<div class=\"fusion-column-wrapper\" style=\"padding: 0px 0px 0px 0px;background-position:left top;background-repeat:no-repeat;-webkit-background-size:cover;-moz-background-size:cover;-o-background-size:cover;background-size:cover;\"  data-bg-url=\"\">\n\t\t\t\t\t\t<div class=\"fusion-sep-clear\"><\/div><div class=\"fusion-separator fusion-full-width-sep sep-single sep-solid\" style=\"border-color:#cbaa5c;border-top-width:5px;margin-left: auto;margin-right: auto;margin-top:10px;margin-bottom:10px;width:100%;max-width:100%;\"><\/div><div class=\"fusion-text\"><p><b>Orchidea Apartman \u2013 H\u00e1zirend<\/b><\/p>\n<p><span style=\"font-weight: 400;\">Kedves Vend\u00e9geink!<\/span><span style=\"font-weight: 400;\"><br \/>\n<\/span><span style=\"font-weight: 400;\">Szeretettel k\u00f6sz\u00f6ntj\u00fck \u00d6n\u00f6ket az Orchidea Apartmanban! <\/span><span style=\"font-weight: 400;\">&#x1f33f;<\/span><span style=\"font-weight: 400;\"><br \/>\n<\/span><span style=\"font-weight: 400;\">C\u00e9lunk, hogy itt-tart\u00f3zkod\u00e1suk nyugodt, k\u00e9nyelmes \u00e9s \u00e9lm\u00e9nyekben gazdag legyen. Ehhez k\u00e9rj\u00fck, hogy az al\u00e1bbi h\u00e1zirendet sz\u00edveskedjenek betartani.<\/span><\/p>\n<p><b>\u00c1ltal\u00e1nos inform\u00e1ci\u00f3k<\/b><\/p>\n<p><span style=\"font-weight: 400;\">Az Orchidea Apartman m\u0171k\u00f6d\u00e9si enged\u00e9llyel rendelkez\u0151, <\/span><b>mag\u00e1nsz\u00e1ll\u00e1shely<\/b><span style=\"font-weight: 400;\">.<\/span><\/p>\n<p><span style=\"font-weight: 400;\">A sz\u00e1ll\u00e1sad\u00f3 neve: <\/span><b>Rajna Em\u0151ke Barbara<\/b><b><br \/>\n<\/b><span style=\"font-weight: 400;\">A sz\u00e1ll\u00e1sad\u00f3 telefonsz\u00e1ma: <\/span><b>+36 20 9423 032<\/b><span style=\"font-weight: 400;\"><br \/>\n<\/span><span style=\"font-weight: 400;\">Vend\u00e9geink sz\u00e1m\u00e1ra <\/span><b>24 \u00f3r\u00e1s telefonos el\u00e9rhet\u0151s\u00e9get<\/b><span style=\"font-weight: 400;\"> biztos\u00edtunk.<\/span><\/p>\n<p><b>\u00c9rkez\u00e9s \u00e9s t\u00e1voz\u00e1s<\/b><\/p>\n<ul>\n<li style=\"font-weight: 400;\" aria-level=\"1\"><span style=\"font-weight: 400;\">\u00c9rkez\u00e9s: <\/span><b>14:00 \u00f3r\u00e1t\u00f3l<\/b><span style=\"font-weight: 400;\">\u00a0<\/span><\/li>\n<li style=\"font-weight: 400;\" aria-level=\"1\"><span style=\"font-weight: 400;\">T\u00e1voz\u00e1s: <\/span><b>10:00 \u00f3r\u00e1ig<\/b><span style=\"font-weight: 400;\">\u00a0<\/span><\/li>\n<\/ul>\n<p><span style=\"font-weight: 400;\">Ig\u00e9ny eset\u00e9n a sz\u00e1ll\u00e1sad\u00f3 <\/span><b>szem\u00e9lyesen<\/b><span style=\"font-weight: 400;\"> \u00e1ll rendelkez\u00e9sre az \u00e9rkez\u00e9s \u00e9s t\u00e1voz\u00e1s id\u0151pontj\u00e1ban.<\/span><\/p>\n<p><span style=\"font-weight: 400;\">Az apartman <\/span><b>\u00f6n\u00e1ll\u00f3 (self check-in) bejut\u00e1ssal is el\u00e9rhet\u0151<\/b><span style=\"font-weight: 400;\">, a kulcssz\u00e9f az \u00e9p\u00fclet bej\u00e1rati ajtaja mellett, jobb oldalon tal\u00e1lhat\u00f3.<\/span><\/p>\n<p><b>F\u00e9r\u0151hely \u00e9s foglal\u00e1s<\/b><\/p>\n<ul>\n<li style=\"font-weight: 400;\" aria-level=\"1\"><span style=\"font-weight: 400;\">Az apartman maxim\u00e1lis befogad\u00f3k\u00e9pess\u00e9ge: <\/span><b>4 f\u0151<\/b><span style=\"font-weight: 400;\">\u00a0<\/span><\/li>\n<li style=\"font-weight: 400;\" aria-level=\"1\"><span style=\"font-weight: 400;\">Gyermekeket sz\u00edvesen fogadunk <\/span><span style=\"font-weight: 400;\">&#x1f476;<\/span><span style=\"font-weight: 400;\"><br \/>\n<\/span><span style=\"font-weight: 400;\">K\u00e9r\u00e9sre biztos\u00edtunk:\u00a0<\/span><\/p>\n<ul>\n<li style=\"font-weight: 400;\" aria-level=\"2\"><span style=\"font-weight: 400;\">baba\u00e1gyat\u00a0<\/span><\/li>\n<li style=\"font-weight: 400;\" aria-level=\"2\"><span style=\"font-weight: 400;\">etet\u0151sz\u00e9ket\u00a0<\/span><\/li>\n<li style=\"font-weight: 400;\" aria-level=\"2\"><span style=\"font-weight: 400;\">babak\u00e1dat\u00a0<\/span><\/li>\n<li style=\"font-weight: 400;\" aria-level=\"2\"><span style=\"font-weight: 400;\">matracot\u00a0<\/span><\/li>\n<\/ul>\n<\/li>\n<li style=\"font-weight: 400;\" aria-level=\"1\"><span style=\"font-weight: 400;\">Kis\u00e1llatokat nem \u00e1ll m\u00f3dunkban fogadni.\u00a0<\/span><\/li>\n<\/ul>\n<p><b>Fizet\u00e9s<\/b><\/p>\n<p><span style=\"font-weight: 400;\">Fizet\u00e9s \u00e1tutal\u00e1ssal, \u00e9rkez\u00e9skor k\u00e9szp\u00e9nzben, vagy OTP sz\u00e9pk\u00e1rty\u00e1val lehets\u00e9ges. Az idegenforgalmi ad\u00f3 a helysz\u00ednen fizetend\u0151.\u00a0<\/span><\/p>\n<p><b>Doh\u00e1nyz\u00e1s \u00e9s nyugalom<\/b><\/p>\n<ul>\n<li style=\"font-weight: 400;\" aria-level=\"1\"><span style=\"font-weight: 400;\">A lak\u00f3t\u00e9rben <\/span><b>doh\u00e1nyozni tilos<\/b> <span style=\"font-weight: 400;\">&#x1f6ad;<\/span><span style=\"font-weight: 400;\"> Doh\u00e1nyz\u00e1s- \u00e9s ny\u00edlt l\u00e1ng haszn\u00e1lata az \u00e9p\u00fcleten bel\u00fcl szigor\u00faan TILOS! Kiz\u00e1r\u00f3lag az erk\u00e9lyen \u00e9s az udvar kijel\u00f6lt r\u00e9sz\u00e9n megengedett!<\/span><\/li>\n<li style=\"font-weight: 400;\" aria-level=\"1\"><b>Bulik \u00e9s rendezv\u00e9nyek nem enged\u00e9lyezettek.<\/b><span style=\"font-weight: 400;\">\u00a0<\/span><\/li>\n<li style=\"font-weight: 400;\" aria-level=\"1\"><span style=\"font-weight: 400;\">K\u00e9rj\u00fck Vend\u00e9geinket, hogy a <\/span><b>csendes id\u0151szakot (22:00 \u2013 08:00)<\/b><span style=\"font-weight: 400;\"> tarts\u00e1k tiszteletben.\u00a0<\/span><\/li>\n<\/ul>\n<p><b>Az apartman haszn\u00e1lata<\/b><\/p>\n<ul>\n<li style=\"font-weight: 400;\" aria-level=\"1\"><span style=\"font-weight: 400;\">K\u00e9rj\u00fck, hogy a b\u00fatorokat ne rendezz\u00e9k \u00e1t.\u00a0<\/span><\/li>\n<li style=\"font-weight: 400;\" aria-level=\"1\"><span style=\"font-weight: 400;\">Az apartman berendez\u00e9seit k\u00e9rj\u00fck rendeltet\u00e9sszer\u0171en haszn\u00e1lni.\u00a0<\/span><\/li>\n<li style=\"font-weight: 400;\" aria-level=\"1\"><span style=\"font-weight: 400;\">K\u00e1rokoz\u00e1s eset\u00e9n a Vend\u00e9g k\u00f6teles a keletkezett k\u00e1rt megt\u00e9r\u00edteni.\u00a0<\/span><\/li>\n<\/ul>\n<p><b>Hullad\u00e9kkezel\u00e9s<\/b><\/p>\n<p><span style=\"font-weight: 400;\">K\u00e9rj\u00fck a szelekt\u00edv hullad\u00e9kgy\u0171jt\u00e9s betart\u00e1s\u00e1t <\/span><span style=\"font-weight: 400;\">&#x267b;&#xfe0f;<\/span><\/p>\n<ul>\n<li style=\"font-weight: 400;\" aria-level=\"1\"><span style=\"font-weight: 400;\">A m\u0171anyag palackokat \u00e9s pap\u00edrt az udvaron tal\u00e1lhat\u00f3 <\/span><b>z\u00f6ld sz\u00edn\u0171 szelekt\u00edv kuk\u00e1kba<\/b><span style=\"font-weight: 400;\"> helyezz\u00e9k.<\/span><\/li>\n<li style=\"font-weight: 400;\" aria-level=\"1\"><span style=\"font-weight: 400;\">A vegyes hullad\u00e9k elhelyez\u00e9se a parkol\u00f3 mellett elhelyezett k\u00e9k kont\u00e9nerekben lehets\u00e9ges.\u00a0\u00a0<\/span><\/li>\n<\/ul>\n<p><b>Parkol\u00e1s<\/b><\/p>\n<p><span style=\"font-weight: 400;\">Vend\u00e9geink sz\u00e1m\u00e1ra <\/span><b>z\u00e1rt udvari parkol\u00e1st<\/b><span style=\"font-weight: 400;\"> biztos\u00edtunk t\u00e9r\u00edt\u00e9smentesen. Az apartmanhoz saj\u00e1t <\/span><b>m\u00e9lygar\u00e1zs<\/b><span style=\"font-weight: 400;\"> is tartozik, melyet k\u00e9r\u00e9sre biztos\u00edtunk. <\/span><span style=\"font-weight: 400;\"><br \/>\n<\/span><span style=\"font-weight: 400;\">A parkol\u00f3 haszn\u00e1lat\u00e1hoz t\u00e1vnyit\u00f3t biztos\u00edtunk.<\/span><\/p>\n<p><b>Felszerelts\u00e9g \u00e9s szolg\u00e1ltat\u00e1sok<\/b><\/p>\n<p><span style=\"font-weight: 400;\">Sz\u00fcks\u00e9g eset\u00e9n a Vend\u00e9gek r\u00e9sz\u00e9re <\/span><b>vasal\u00e1si lehet\u0151s\u00e9get<\/b><span style=\"font-weight: 400;\"> t\u00e9r\u00edt\u00e9s n\u00e9lk\u00fcl biztos\u00edtunk, vasal\u00f3t \u00e9s vasal\u00f3deszk\u00e1t a gardr\u00f3b szekr\u00e9nyben tal\u00e1lnak. A f\u00fcrd\u0151szobai polcon\u00a0 <\/span><b>cip\u0151\u00e1pol\u00f3 eszk\u00f6z\u00f6ket, test\u00e1pol\u00f3t, tusf\u00fcrd\u0151t, sampont, borotv\u00e1lkoz\u00f3 k\u00e9szletet, szappant, fogkef\u00e9t, zuhanysapk\u00e1t<\/b><span style=\"font-weight: 400;\"> \u00e9s <\/span><b>varr\u00f3k\u00e9szletet<\/b><span style=\"font-weight: 400;\"> tal\u00e1lnak, amennyiben hi\u00e1nyzik \u00e9s sz\u00fcks\u00e9g van r\u00e1, k\u00e9rj\u00fck\u00a0 sz\u00edveskedjenek jelezni. A gardr\u00f3bszekr\u00e9nyben\u00a0 <\/span><b>eserny\u0151k<\/b><span style=\"font-weight: 400;\"> is vannak elhelyezve, mely t\u00e9r\u00edt\u00e9s n\u00e9lk\u00fcl haszn\u00e1lhat\u00f3.\u00a0<\/span><\/p>\n<p><span style=\"font-weight: 400;\">A konyh\u00e1ban tal\u00e1lhat\u00f3 <\/span><b>k\u00e1v\u00e9<\/b><span style=\"font-weight: 400;\">, <\/span><b>tea<\/b><span style=\"font-weight: 400;\"> \u00e9s <\/span><b>\u00fcd\u00edt\u0151k<\/b><span style=\"font-weight: 400;\"> t\u00e9r\u00edt\u00e9smentesen fogyaszthat\u00f3ak.<\/span><\/p>\n<p><span style=\"font-weight: 400;\">A <\/span><b>wifi haszn\u00e1lat<\/b><span style=\"font-weight: 400;\"> ingyenes melynek jelszava a TV el\u0151tti \u00e1llv\u00e1nyon tal\u00e1lhat\u00f3.\u00a0<\/span><\/p>\n<p><span style=\"font-weight: 400;\">A <\/span><b>j\u00e1tsz\u00f3t\u00e9r<\/b><span style=\"font-weight: 400;\"> ingyen haszn\u00e1lhat\u00f3 gyermekek r\u00e9sz\u00e9re 14 \u00e9ves korig, kiz\u00e1r\u00f3lag saj\u00e1t felel\u0151ss\u00e9gre, sz\u00fcl\u0151i fel\u00fcgyelet mellett.<\/span><\/p>\n<p><span style=\"font-weight: 400;\">Az Apartman rendelkezik <\/span><b>kl\u00edm\u00e1val<\/b><span style=\"font-weight: 400;\"> melynek haszn\u00e1lat\u00e1hoz a t\u00e1vir\u00e1ny\u00edt\u00f3 a tulajdonost\u00f3l ig\u00e9nyelhet\u0151. A kl\u00edma haszn\u00e1lata ingyenes. Felh\u00edvjuk Vend\u00e9geink figyelm\u00e9t, hogy a kl\u00edma haszn\u00e1lata csak fel\u00fcgyelet mellett t\u00f6rt\u00e9nhet, amennyiben elhagyj\u00e1k a szob\u00e1t a biztons\u00e1g \u00e9rdek\u00e9ben k\u00e9rj\u00fck, kapcsolj\u00e1k ki a berendez\u00e9st.<\/span><\/p>\n<p><b>Takar\u00edt\u00e1s \u00e9s \u00e1gynem\u0171csere<\/b><\/p>\n<ul>\n<li style=\"font-weight: 400;\" aria-level=\"1\"><span style=\"font-weight: 400;\">Hosszabb tart\u00f3zkod\u00e1s eset\u00e9n <\/span><b>heti takar\u00edt\u00e1st<\/b><span style=\"font-weight: 400;\">, valamint <\/span><b>\u00e1gynem\u0171- \u00e9s t\u00f6r\u00f6lk\u00f6z\u0151cser\u00e9t<\/b><span style=\"font-weight: 400;\"> biztos\u00edtunk.\u00a0<\/span><\/li>\n<li style=\"font-weight: 400;\" aria-level=\"1\"><span style=\"font-weight: 400;\">Ig\u00e9ny eset\u00e9n <\/span><b>napi takar\u00edt\u00e1s<\/b><span style=\"font-weight: 400;\"> is k\u00e9rhet\u0151 (el\u0151zetes egyeztet\u00e9s alapj\u00e1n).\u00a0<\/span><\/li>\n<\/ul>\n<p><b>Egy\u00e9b inform\u00e1ci\u00f3k<\/b><\/p>\n<ul>\n<li style=\"font-weight: 400;\" aria-level=\"1\"><span style=\"font-weight: 400;\">A sz\u00e1ll\u00e1sad\u00f3 sz\u00fcks\u00e9g eset\u00e9n a helysz\u00ednen is rendelkez\u00e9sre \u00e1ll.\u00a0<\/span><\/li>\n<li style=\"font-weight: 400;\" aria-level=\"1\"><span style=\"font-weight: 400;\">K\u00e9rd\u00e9s vagy probl\u00e9ma eset\u00e9n k\u00e9rj\u00fck, bizalommal keressenek benn\u00fcnket.\u00a0<\/span><\/li>\n<\/ul>\n<p><span style=\"font-weight: 400;\">K\u00f6sz\u00f6nj\u00fck egy\u00fcttm\u0171k\u00f6d\u00e9s\u00fcket, \u00e9s kellemes pihen\u00e9st k\u00edv\u00e1nunk! <\/span><span style=\"font-weight: 400;\">&#x1f33f;<\/span><\/p>\n<p><span style=\"font-weight: 400;\"><br \/>\n<\/span><b>Orchidea Apartman<\/b><\/p>\n<\/div><div class=\"fusion-clearfix\"><\/div>\n\n\t\t\t\t\t<\/div>\n\t\t\t\t<\/div><\/div><\/div>\n","protected":false},"excerpt":{"rendered":"","protected":false},"author":1,"featured_media":0,"parent":0,"menu_order":0,"comment_status":"closed","ping_status":"closed","template":"100-width.php","meta":[],"yoast_head":"<!-- This site is optimized with the Yoast SEO plugin v19.13 - https:\/\/yoast.com\/wordpress\/plugins\/seo\/ -->\n<title>H\u00c1ZIREND - Orchidea Apartman Eger<\/title>\n<meta name=\"robots\" content=\"index, follow, max-snippet:-1, max-image-preview:large, max-video-preview:-1\" \/>\n<link rel=\"canonical\" href=\"https:\/\/apartman-orchidea.hu\/eger\/hazirend\/\" \/>\n<meta property=\"og:locale\" content=\"hu_HU\" \/>\n<meta property=\"og:type\" content=\"article\" \/>\n<meta property=\"og:title\" content=\"H\u00c1ZIREND - Orchidea Apartman Eger\" \/>\n<meta property=\"og:url\" content=\"https:\/\/apartman-orchidea.hu\/eger\/hazirend\/\" \/>\n<meta property=\"og:site_name\" content=\"Orchidea Apartman Eger\" \/>\n<meta property=\"article:publisher\" content=\"https:\/\/www.facebook.com\/orchideaapartmaneger\/?fref=ts\" \/>\n<meta property=\"article:modified_time\" content=\"2026-03-31T11:03:30+00:00\" \/>\n<meta property=\"og:image\" content=\"https:\/\/apartman-orchidea.hu\/wp-content\/uploads\/2015\/04\/IMG_6895_resize-e1482092539280.jpg\" \/>\n\t<meta property=\"og:image:width\" content=\"1838\" \/>\n\t<meta property=\"og:image:height\" content=\"1276\" \/>\n\t<meta property=\"og:image:type\" content=\"image\/jpeg\" \/>\n<meta name=\"twitter:card\" content=\"summary_large_image\" \/>\n<meta name=\"twitter:label1\" content=\"Becs\u00fclt olvas\u00e1si id\u0151\" \/>\n\t<meta name=\"twitter:data1\" content=\"4 perc\" \/>\n<script type=\"application\/ld+json\" class=\"yoast-schema-graph\">{\"@context\":\"https:\/\/schema.org\",\"@graph\":[{\"@type\":\"WebPage\",\"@id\":\"https:\/\/apartman-orchidea.hu\/eger\/hazirend\/\",\"url\":\"https:\/\/apartman-orchidea.hu\/eger\/hazirend\/\",\"name\":\"H\u00c1ZIREND - Orchidea Apartman Eger\",\"isPartOf\":{\"@id\":\"https:\/\/apartman-orchidea.hu\/eger\/#website\"},\"datePublished\":\"2016-12-23T12:14:54+00:00\",\"dateModified\":\"2026-03-31T11:03:30+00:00\",\"breadcrumb\":{\"@id\":\"https:\/\/apartman-orchidea.hu\/eger\/hazirend\/#breadcrumb\"},\"inLanguage\":\"hu\",\"potentialAction\":[{\"@type\":\"ReadAction\",\"target\":[\"https:\/\/apartman-orchidea.hu\/eger\/hazirend\/\"]}]},{\"@type\":\"BreadcrumbList\",\"@id\":\"https:\/\/apartman-orchidea.hu\/eger\/hazirend\/#breadcrumb\",\"itemListElement\":[{\"@type\":\"ListItem\",\"position\":1,\"name\":\"Home\",\"item\":\"https:\/\/apartman-orchidea.hu\/eger\/\"},{\"@type\":\"ListItem\",\"position\":2,\"name\":\"H\u00c1ZIREND\"}]},{\"@type\":\"WebSite\",\"@id\":\"https:\/\/apartman-orchidea.hu\/eger\/#website\",\"url\":\"https:\/\/apartman-orchidea.hu\/eger\/\",\"name\":\"Orchidea Apartman Eger\",\"description\":\"Vend\u00e9gh\u00e1z, kiad\u00f3 apartman Egerben\",\"potentialAction\":[{\"@type\":\"SearchAction\",\"target\":{\"@type\":\"EntryPoint\",\"urlTemplate\":\"https:\/\/apartman-orchidea.hu\/eger\/?s={search_term_string}\"},\"query-input\":\"required name=search_term_string\"}],\"inLanguage\":\"hu\"}]}<\/script>\n<!-- \/ Yoast SEO plugin. -->","yoast_head_json":{"title":"H\u00c1ZIREND - Orchidea Apartman Eger","robots":{"index":"index","follow":"follow","max-snippet":"max-snippet:-1","max-image-preview":"max-image-preview:large","max-video-preview":"max-video-preview:-1"},"canonical":"https:\/\/apartman-orchidea.hu\/eger\/hazirend\/","og_locale":"hu_HU","og_type":"article","og_title":"H\u00c1ZIREND - Orchidea Apartman Eger","og_url":"https:\/\/apartman-orchidea.hu\/eger\/hazirend\/","og_site_name":"Orchidea Apartman Eger","article_publisher":"https:\/\/www.facebook.com\/orchideaapartmaneger\/?fref=ts","article_modified_time":"2026-03-31T11:03:30+00:00","og_image":[{"width":1838,"height":1276,"url":"https:\/\/apartman-orchidea.hu\/wp-content\/uploads\/2015\/04\/IMG_6895_resize-e1482092539280.jpg","type":"image\/jpeg"}],"twitter_card":"summary_large_image","twitter_misc":{"Becs\u00fclt olvas\u00e1si id\u0151":"4 perc"},"schema":{"@context":"https:\/\/schema.org","@graph":[{"@type":"WebPage","@id":"https:\/\/apartman-orchidea.hu\/eger\/hazirend\/","url":"https:\/\/apartman-orchidea.hu\/eger\/hazirend\/","name":"H\u00c1ZIREND - Orchidea Apartman Eger","isPartOf":{"@id":"https:\/\/apartman-orchidea.hu\/eger\/#website"},"datePublished":"2016-12-23T12:14:54+00:00","dateModified":"2026-03-31T11:03:30+00:00","breadcrumb":{"@id":"https:\/\/apartman-orchidea.hu\/eger\/hazirend\/#breadcrumb"},"inLanguage":"hu","potentialAction":[{"@type":"ReadAction","target":["https:\/\/apartman-orchidea.hu\/eger\/hazirend\/"]}]},{"@type":"BreadcrumbList","@id":"https:\/\/apartman-orchidea.hu\/eger\/hazirend\/#breadcrumb","itemListElement":[{"@type":"ListItem","position":1,"name":"Home","item":"https:\/\/apartman-orchidea.hu\/eger\/"},{"@type":"ListItem","position":2,"name":"H\u00c1ZIREND"}]},{"@type":"WebSite","@id":"https:\/\/apartman-orchidea.hu\/eger\/#website","url":"https:\/\/apartman-orchidea.hu\/eger\/","name":"Orchidea Apartman Eger","description":"Vend\u00e9gh\u00e1z, kiad\u00f3 apartman Egerben","potentialAction":[{"@type":"SearchAction","target":{"@type":"EntryPoint","urlTemplate":"https:\/\/apartman-orchidea.hu\/eger\/?s={search_term_string}"},"query-input":"required name=search_term_string"}],"inLanguage":"hu"}]}},"_links":{"self":[{"href":"https:\/\/apartman-orchidea.hu\/eger\/wp-json\/wp\/v2\/pages\/2883"}],"collection":[{"href":"https:\/\/apartman-orchidea.hu\/eger\/wp-json\/wp\/v2\/pages"}],"about":[{"href":"https:\/\/apartman-orchidea.hu\/eger\/wp-json\/wp\/v2\/types\/page"}],"author":[{"embeddable":true,"href":"https:\/\/apartman-orchidea.hu\/eger\/wp-json\/wp\/v2\/users\/1"}],"replies":[{"embeddable":true,"href":"https:\/\/apartman-orchidea.hu\/eger\/wp-json\/wp\/v2\/comments?post=2883"}],"version-history":[{"count":40,"href":"https:\/\/apartman-orchidea.hu\/eger\/wp-json\/wp\/v2\/pages\/2883\/revisions"}],"predecessor-version":[{"id":7142,"href":"https:\/\/apartman-orchidea.hu\/eger\/wp-json\/wp\/v2\/pages\/2883\/revisions\/7142"}],"wp:attachment":[{"href":"https:\/\/apartman-orchidea.hu\/eger\/wp-json\/wp\/v2\/media?parent=2883"}],"curies":[{"name":"wp","href":"https:\/\/api.w.org\/{rel}","templated":true}]}}