{"id":4071,"date":"2021-01-15T11:49:01","date_gmt":"2021-01-15T10:49:01","guid":{"rendered":"https:\/\/apartman-orchidea.hu\/eger\/?page_id=4071"},"modified":"2021-06-28T09:42:47","modified_gmt":"2021-06-28T07:42:47","slug":"virtualis-seta","status":"publish","type":"page","link":"https:\/\/apartman-orchidea.hu\/eger\/virtualis-seta\/","title":{"rendered":"VIRTU\u00c1LIS S\u00c9TA"},"content":{"rendered":"<p>[advanced_iframe use_shortcode_attributes_only=&#8221;true&#8221; src=&#8221;\/\/my.matterport.com\/show\/?m=5nCgeKgzs6N&#8221; width=&#8221;100%&#8221; height=&#8221;600&#8243; name=&#8221;virtual-tour&#8221;]<\/p>\n","protected":false},"excerpt":{"rendered":"<p>[advanced_iframe use_shortcode_attributes_only=&#8221;true&#8221; src=&#8221;\/\/my.matterport.com\/show\/?m=5nCgeKgzs6N&#8221; width=&#8221;100%&#8221; height=&#8221;600&#8243; name=&#8221;virtual-tour&#8221;]<\/p>\n","protected":false},"author":3,"featured_media":0,"parent":0,"menu_order":0,"comment_status":"closed","ping_status":"closed","template":"","meta":[],"yoast_head":"<!-- This site is optimized with the Yoast SEO plugin v19.13 - https:\/\/yoast.com\/wordpress\/plugins\/seo\/ -->\n<title>VIRTU\u00c1LIS S\u00c9TA - Orchidea Apartman Eger<\/title>\n<meta name=\"robots\" content=\"index, follow, max-snippet:-1, max-image-preview:large, max-video-preview:-1\" \/>\n<link rel=\"canonical\" href=\"https:\/\/apartman-orchidea.hu\/eger\/virtualis-seta\/\" \/>\n<meta property=\"og:locale\" content=\"hu_HU\" \/>\n<meta property=\"og:type\" content=\"article\" \/>\n<meta property=\"og:title\" content=\"VIRTU\u00c1LIS S\u00c9TA - Orchidea Apartman Eger\" \/>\n<meta property=\"og:description\" content=\"[advanced_iframe use_shortcode_attributes_only=&#8221;true&#8221; src=&#8221;\/\/my.matterport.com\/show\/?m=5nCgeKgzs6N&#8221; width=&#8221;100%&#8221; height=&#8221;600&#8243; name=&#8221;virtual-tour&#8221;]\" \/>\n<meta property=\"og:url\" content=\"https:\/\/apartman-orchidea.hu\/eger\/virtualis-seta\/\" \/>\n<meta property=\"og:site_name\" content=\"Orchidea Apartman Eger\" \/>\n<meta property=\"article:publisher\" content=\"https:\/\/www.facebook.com\/orchideaapartmaneger\/?fref=ts\" \/>\n<meta property=\"article:modified_time\" content=\"2021-06-28T07:42:47+00:00\" \/>\n<meta property=\"og:image\" content=\"https:\/\/apartman-orchidea.hu\/wp-content\/uploads\/2015\/04\/IMG_6895_resize-e1482092539280.jpg\" \/>\n\t<meta property=\"og:image:width\" content=\"1838\" \/>\n\t<meta property=\"og:image:height\" content=\"1276\" \/>\n\t<meta property=\"og:image:type\" content=\"image\/jpeg\" \/>\n<meta name=\"twitter:card\" content=\"summary_large_image\" \/>\n<script type=\"application\/ld+json\" class=\"yoast-schema-graph\">{\"@context\":\"https:\/\/schema.org\",\"@graph\":[{\"@type\":\"WebPage\",\"@id\":\"https:\/\/apartman-orchidea.hu\/eger\/virtualis-seta\/\",\"url\":\"https:\/\/apartman-orchidea.hu\/eger\/virtualis-seta\/\",\"name\":\"VIRTU\u00c1LIS S\u00c9TA - Orchidea Apartman Eger\",\"isPartOf\":{\"@id\":\"https:\/\/apartman-orchidea.hu\/eger\/#website\"},\"datePublished\":\"2021-01-15T10:49:01+00:00\",\"dateModified\":\"2021-06-28T07:42:47+00:00\",\"breadcrumb\":{\"@id\":\"https:\/\/apartman-orchidea.hu\/eger\/virtualis-seta\/#breadcrumb\"},\"inLanguage\":\"hu\",\"potentialAction\":[{\"@type\":\"ReadAction\",\"target\":[\"https:\/\/apartman-orchidea.hu\/eger\/virtualis-seta\/\"]}]},{\"@type\":\"BreadcrumbList\",\"@id\":\"https:\/\/apartman-orchidea.hu\/eger\/virtualis-seta\/#breadcrumb\",\"itemListElement\":[{\"@type\":\"ListItem\",\"position\":1,\"name\":\"Home\",\"item\":\"https:\/\/apartman-orchidea.hu\/eger\/\"},{\"@type\":\"ListItem\",\"position\":2,\"name\":\"VIRTU\u00c1LIS S\u00c9TA\"}]},{\"@type\":\"WebSite\",\"@id\":\"https:\/\/apartman-orchidea.hu\/eger\/#website\",\"url\":\"https:\/\/apartman-orchidea.hu\/eger\/\",\"name\":\"Orchidea Apartman Eger\",\"description\":\"Vend\u00e9gh\u00e1z, kiad\u00f3 apartman Egerben\",\"potentialAction\":[{\"@type\":\"SearchAction\",\"target\":{\"@type\":\"EntryPoint\",\"urlTemplate\":\"https:\/\/apartman-orchidea.hu\/eger\/?s={search_term_string}\"},\"query-input\":\"required name=search_term_string\"}],\"inLanguage\":\"hu\"}]}<\/script>\n<!-- \/ Yoast SEO plugin. -->","yoast_head_json":{"title":"VIRTU\u00c1LIS S\u00c9TA - Orchidea Apartman Eger","robots":{"index":"index","follow":"follow","max-snippet":"max-snippet:-1","max-image-preview":"max-image-preview:large","max-video-preview":"max-video-preview:-1"},"canonical":"https:\/\/apartman-orchidea.hu\/eger\/virtualis-seta\/","og_locale":"hu_HU","og_type":"article","og_title":"VIRTU\u00c1LIS S\u00c9TA - Orchidea Apartman Eger","og_description":"[advanced_iframe use_shortcode_attributes_only=&#8221;true&#8221; src=&#8221;\/\/my.matterport.com\/show\/?m=5nCgeKgzs6N&#8221; width=&#8221;100%&#8221; height=&#8221;600&#8243; name=&#8221;virtual-tour&#8221;]","og_url":"https:\/\/apartman-orchidea.hu\/eger\/virtualis-seta\/","og_site_name":"Orchidea Apartman Eger","article_publisher":"https:\/\/www.facebook.com\/orchideaapartmaneger\/?fref=ts","article_modified_time":"2021-06-28T07:42:47+00:00","og_image":[{"width":1838,"height":1276,"url":"https:\/\/apartman-orchidea.hu\/wp-content\/uploads\/2015\/04\/IMG_6895_resize-e1482092539280.jpg","type":"image\/jpeg"}],"twitter_card":"summary_large_image","schema":{"@context":"https:\/\/schema.org","@graph":[{"@type":"WebPage","@id":"https:\/\/apartman-orchidea.hu\/eger\/virtualis-seta\/","url":"https:\/\/apartman-orchidea.hu\/eger\/virtualis-seta\/","name":"VIRTU\u00c1LIS S\u00c9TA - Orchidea Apartman Eger","isPartOf":{"@id":"https:\/\/apartman-orchidea.hu\/eger\/#website"},"datePublished":"2021-01-15T10:49:01+00:00","dateModified":"2021-06-28T07:42:47+00:00","breadcrumb":{"@id":"https:\/\/apartman-orchidea.hu\/eger\/virtualis-seta\/#breadcrumb"},"inLanguage":"hu","potentialAction":[{"@type":"ReadAction","target":["https:\/\/apartman-orchidea.hu\/eger\/virtualis-seta\/"]}]},{"@type":"BreadcrumbList","@id":"https:\/\/apartman-orchidea.hu\/eger\/virtualis-seta\/#breadcrumb","itemListElement":[{"@type":"ListItem","position":1,"name":"Home","item":"https:\/\/apartman-orchidea.hu\/eger\/"},{"@type":"ListItem","position":2,"name":"VIRTU\u00c1LIS S\u00c9TA"}]},{"@type":"WebSite","@id":"https:\/\/apartman-orchidea.hu\/eger\/#website","url":"https:\/\/apartman-orchidea.hu\/eger\/","name":"Orchidea Apartman Eger","description":"Vend\u00e9gh\u00e1z, kiad\u00f3 apartman Egerben","potentialAction":[{"@type":"SearchAction","target":{"@type":"EntryPoint","urlTemplate":"https:\/\/apartman-orchidea.hu\/eger\/?s={search_term_string}"},"query-input":"required name=search_term_string"}],"inLanguage":"hu"}]}},"_links":{"self":[{"href":"https:\/\/apartman-orchidea.hu\/eger\/wp-json\/wp\/v2\/pages\/4071"}],"collection":[{"href":"https:\/\/apartman-orchidea.hu\/eger\/wp-json\/wp\/v2\/pages"}],"about":[{"href":"https:\/\/apartman-orchidea.hu\/eger\/wp-json\/wp\/v2\/types\/page"}],"author":[{"embeddable":true,"href":"https:\/\/apartman-orchidea.hu\/eger\/wp-json\/wp\/v2\/users\/3"}],"replies":[{"embeddable":true,"href":"https:\/\/apartman-orchidea.hu\/eger\/wp-json\/wp\/v2\/comments?post=4071"}],"version-history":[{"count":2,"href":"https:\/\/apartman-orchidea.hu\/eger\/wp-json\/wp\/v2\/pages\/4071\/revisions"}],"predecessor-version":[{"id":4074,"href":"https:\/\/apartman-orchidea.hu\/eger\/wp-json\/wp\/v2\/pages\/4071\/revisions\/4074"}],"wp:attachment":[{"href":"https:\/\/apartman-orchidea.hu\/eger\/wp-json\/wp\/v2\/media?parent=4071"}],"curies":[{"name":"wp","href":"https:\/\/api.w.org\/{rel}","templated":true}]}}