{"id":7143,"date":"2026-03-31T13:08:51","date_gmt":"2026-03-31T11:08:51","guid":{"rendered":"https:\/\/apartman-orchidea.hu\/eger\/?page_id=7143"},"modified":"2026-03-31T13:08:51","modified_gmt":"2026-03-31T11:08:51","slug":"house-rules","status":"publish","type":"page","link":"https:\/\/apartman-orchidea.hu\/eger\/en\/house-rules\/","title":{"rendered":"House Rules"},"content":{"rendered":"<div class=\"fusion-fullwidth fullwidth-box nonhundred-percent-fullwidth non-hundred-percent-height-scrolling\"  style='background-color: #ffffff;background-position: center center;background-repeat: no-repeat;padding-top:0%;padding-right:20%;padding-bottom:20%;padding-left:20%;'><div class=\"fusion-builder-row fusion-row \"><div  class=\"fusion-layout-column fusion_builder_column fusion_builder_column_1_6  fusion-one-sixth fusion-column-first 1_6\"  style='margin-top:0px;margin-bottom:20px;width:16.66%;width:calc(16.66% - ( ( 4% + 4% ) * 0.1666 ) );margin-right: 4%;'>\n\t\t\t\t\t<div class=\"fusion-column-wrapper\" style=\"padding: 0px 0px 0px 0px;background-position:left top;background-repeat:no-repeat;-webkit-background-size:cover;-moz-background-size:cover;-o-background-size:cover;background-size:cover;\"  data-bg-url=\"\">\n\t\t\t\t\t\t<div class=\"fusion-clearfix\"><\/div>\n\n\t\t\t\t\t<\/div>\n\t\t\t\t<\/div><div  class=\"fusion-layout-column fusion_builder_column fusion_builder_column_2_3  fusion-two-third 2_3\"  style='margin-top:0px;margin-bottom:20px;width:66.66%;width:calc(66.66% - ( ( 4% + 4% ) * 0.6666 ) );margin-right: 4%;'>\n\t\t\t\t\t<div class=\"fusion-column-wrapper\" style=\"padding: 0px 0px 10px 0px;background-position:right bottom;background-repeat:no-repeat;-webkit-background-size:cover;-moz-background-size:cover;-o-background-size:cover;background-size:cover;\"  data-bg-url=\"\">\n\t\t\t\t\t\t<div class=\"fusion-text\"><h1 style=\"text-align: center;\">House Rules<\/h1>\n<\/div><div class=\"fusion-text\"><p style=\"letter-spacing: 4px; font-size: 13px; margin-bottom: 0px; text-align: center;\">Please read the house rules below, which will help you make the most of your stay in the apartment!<\/p>\n<\/div><div class=\"fusion-clearfix\"><\/div>\n\n\t\t\t\t\t<\/div>\n\t\t\t\t<\/div><div  class=\"fusion-layout-column fusion_builder_column fusion_builder_column_1_6  fusion-one-sixth fusion-column-last 1_6\"  style='margin-top:0px;margin-bottom:20px;width:16.66%;width:calc(16.66% - ( ( 4% + 4% ) * 0.1666 ) );'>\n\t\t\t\t\t<div class=\"fusion-column-wrapper\" style=\"padding: 0px 0px 0px 0px;background-position:left top;background-repeat:no-repeat;-webkit-background-size:cover;-moz-background-size:cover;-o-background-size:cover;background-size:cover;\"  data-bg-url=\"\">\n\t\t\t\t\t\t<div class=\"fusion-clearfix\"><\/div>\n\n\t\t\t\t\t<\/div>\n\t\t\t\t<\/div><div  class=\"fusion-layout-column fusion_builder_column fusion_builder_column_1_1  fusion-one-full fusion-column-first fusion-column-last 1_1\"  style='margin-top:0px;margin-bottom:20px;'>\n\t\t\t\t\t<div class=\"fusion-column-wrapper\" style=\"padding: 0px 0px 0px 0px;background-position:left top;background-repeat:no-repeat;-webkit-background-size:cover;-moz-background-size:cover;-o-background-size:cover;background-size:cover;\"  data-bg-url=\"\">\n\t\t\t\t\t\t<div class=\"fusion-sep-clear\"><\/div><div class=\"fusion-separator fusion-full-width-sep sep-single sep-solid\" style=\"border-color:#cbaa5c;border-top-width:5px;margin-left: auto;margin-right: auto;margin-top:10px;margin-bottom:10px;width:100%;max-width:100%;\"><\/div><div class=\"fusion-text\"><p><b>Orchidea Apartment \u2013 House Rules<\/b><\/p>\n<p><span style=\"font-weight: 400;\">Dear Guests,<\/span><span style=\"font-weight: 400;\"><br \/>\n<\/span><span style=\"font-weight: 400;\">Welcome to Orchidea Apartment! <\/span><span style=\"font-weight: 400;\">&#x1f33f;<\/span><span style=\"font-weight: 400;\"><br \/>\n<\/span><span style=\"font-weight: 400;\">Our goal is to make your stay comfortable, relaxing, and enjoyable. We kindly ask you to follow the house rules below.<\/span><\/p>\n<p><b>General Information<\/b><\/p>\n<p><span style=\"font-weight: 400;\">Orchidea Apartment is a licensed private accommodation.<\/span><\/p>\n<p><span style=\"font-weight: 400;\">Host:<\/span><span style=\"font-weight: 400;\"><br \/>\n<\/span><b>Rajna Em\u0151ke Barbara<\/b><span style=\"font-weight: 400;\"><br \/>\n<\/span><span style=\"font-weight: 400;\">Phone: <\/span><b>+36 20 9423 032<\/b><span style=\"font-weight: 400;\"><br \/>\n<\/span><span style=\"font-weight: 400;\">We provide <\/span><b>24\/7 phone availability<\/b><span style=\"font-weight: 400;\"> for our guests.<\/span><\/p>\n<p><b>Check-in &amp; Check-out<\/b><\/p>\n<ul>\n<li style=\"font-weight: 400;\" aria-level=\"1\"><span style=\"font-weight: 400;\">Check-in: from <\/span><b>2:00 PM<\/b><span style=\"font-weight: 400;\">\u00a0<\/span><\/li>\n<li style=\"font-weight: 400;\" aria-level=\"1\"><span style=\"font-weight: 400;\">Check-out: until <\/span><b>10:00 AM<\/b><span style=\"font-weight: 400;\">\u00a0<\/span><\/li>\n<\/ul>\n<p><span style=\"font-weight: 400;\">If required, the host is available in person at arrival and departure.<\/span><\/p>\n<p><span style=\"font-weight: 400;\">The apartment also offers <\/span><b>self check-in<\/b><span style=\"font-weight: 400;\">, with a key safe located on the right side of the entrance door.<\/span><\/p>\n<p><b>Occupancy<\/b><\/p>\n<ul>\n<li style=\"font-weight: 400;\" aria-level=\"1\"><span style=\"font-weight: 400;\">Maximum capacity: <\/span><b>4 guests<\/b><span style=\"font-weight: 400;\">\u00a0<\/span><\/li>\n<\/ul>\n<p><span style=\"font-weight: 400;\">Children are welcome <\/span><span style=\"font-weight: 400;\">&#x1f476;<\/span><span style=\"font-weight: 400;\"><br \/>\n<\/span><span style=\"font-weight: 400;\">Available upon request:<\/span><\/p>\n<ul>\n<li style=\"font-weight: 400;\" aria-level=\"1\"><span style=\"font-weight: 400;\">baby cot\u00a0<\/span><\/li>\n<li style=\"font-weight: 400;\" aria-level=\"1\"><span style=\"font-weight: 400;\">high chair\u00a0<\/span><\/li>\n<li style=\"font-weight: 400;\" aria-level=\"1\"><span style=\"font-weight: 400;\">baby bathtub\u00a0<\/span><\/li>\n<li style=\"font-weight: 400;\" aria-level=\"1\"><span style=\"font-weight: 400;\">mattress\u00a0<\/span><\/li>\n<\/ul>\n<p><span style=\"font-weight: 400;\">Pets are <\/span><b>not allowed<\/b><span style=\"font-weight: 400;\">.<\/span><\/p>\n<p><b>Smoking &amp; Quiet Hours<\/b><\/p>\n<ul>\n<li style=\"font-weight: 400;\" aria-level=\"1\"><span style=\"font-weight: 400;\">Smoking is <\/span><b>strictly prohibited indoors<\/b> <span style=\"font-weight: 400;\">&#x1f6ad;<\/span><span style=\"font-weight: 400;\">\u00a0<\/span><\/li>\n<li style=\"font-weight: 400;\" aria-level=\"1\"><span style=\"font-weight: 400;\">The use of open flames inside the building is <\/span><b>strictly forbidden<\/b><span style=\"font-weight: 400;\">\u00a0<\/span><\/li>\n<li style=\"font-weight: 400;\" aria-level=\"1\"><span style=\"font-weight: 400;\">Smoking is allowed only on the <\/span><b>balcony or in designated outdoor areas<\/b><span style=\"font-weight: 400;\">\u00a0<\/span><\/li>\n<li style=\"font-weight: 400;\" aria-level=\"1\"><b>Parties and events are not allowed<\/b><span style=\"font-weight: 400;\">\u00a0<\/span><\/li>\n<li style=\"font-weight: 400;\" aria-level=\"1\"><span style=\"font-weight: 400;\">Quiet hours: <\/span><b>10:00 PM \u2013 8:00 AM<\/b><span style=\"font-weight: 400;\">\u00a0<\/span><\/li>\n<\/ul>\n<p><b>Use of the Apartment<\/b><\/p>\n<ul>\n<li style=\"font-weight: 400;\" aria-level=\"1\"><span style=\"font-weight: 400;\">Please do not rearrange the furniture\u00a0<\/span><\/li>\n<li style=\"font-weight: 400;\" aria-level=\"1\"><span style=\"font-weight: 400;\">Use all equipment and facilities properly\u00a0<\/span><\/li>\n<li style=\"font-weight: 400;\" aria-level=\"1\"><span style=\"font-weight: 400;\">Guests are financially responsible for any damage caused during their stay\u00a0<\/span><\/li>\n<\/ul>\n<p><b>Waste Disposal<\/b><\/p>\n<p><span style=\"font-weight: 400;\">Please follow selective waste collection <\/span><span style=\"font-weight: 400;\">&#x267b;&#xfe0f;<\/span><\/p>\n<ul>\n<li style=\"font-weight: 400;\" aria-level=\"1\"><span style=\"font-weight: 400;\">Plastic bottles and paper should be placed in the <\/span><b>green recycling bins located in the yard<\/b><span style=\"font-weight: 400;\">\u00a0<\/span><\/li>\n<li style=\"font-weight: 400;\" aria-level=\"1\"><span style=\"font-weight: 400;\">Mixed waste can be disposed of in the <\/span><b>blue containers near the parking area<\/b><span style=\"font-weight: 400;\">\u00a0<\/span><\/li>\n<\/ul>\n<p><b>Parking<\/b><\/p>\n<ul>\n<li style=\"font-weight: 400;\" aria-level=\"1\"><span style=\"font-weight: 400;\">Free parking is available in a <\/span><b>closed courtyard<\/b><span style=\"font-weight: 400;\">\u00a0<\/span><\/li>\n<li style=\"font-weight: 400;\" aria-level=\"1\"><span style=\"font-weight: 400;\">The apartment also has a <\/span><b>private underground garage<\/b><span style=\"font-weight: 400;\">, available upon request\u00a0<\/span><\/li>\n<li style=\"font-weight: 400;\" aria-level=\"1\"><span style=\"font-weight: 400;\">A remote control is provided for access\u00a0<\/span><\/li>\n<\/ul>\n<p><b>Facilities &amp; Services<\/b><\/p>\n<ul>\n<li style=\"font-weight: 400;\" aria-level=\"1\"><span style=\"font-weight: 400;\">Ironing facilities are available free of charge (iron and ironing board can be found in the wardrobe)\u00a0<\/span><\/li>\n<li style=\"font-weight: 400;\" aria-level=\"1\"><span style=\"font-weight: 400;\">In the bathroom you will find:<\/span><span style=\"font-weight: 400;\"><br \/>\n<\/span><span style=\"font-weight: 400;\">shoe care items, body lotion, shower gel, shampoo, shaving kit, soap, toothbrush, shower cap, and a sewing kit<\/span><span style=\"font-weight: 400;\"><br \/>\n<\/span><span style=\"font-weight: 400;\">(If anything is missing, please let us know)\u00a0<\/span><\/li>\n<li style=\"font-weight: 400;\" aria-level=\"1\"><span style=\"font-weight: 400;\">Umbrellas are available in the wardrobe free of charge\u00a0<\/span><\/li>\n<li style=\"font-weight: 400;\" aria-level=\"1\"><span style=\"font-weight: 400;\">Coffee, tea, and soft drinks in the kitchen are <\/span><b>complimentary<\/b><span style=\"font-weight: 400;\">\u00a0<\/span><\/li>\n<li style=\"font-weight: 400;\" aria-level=\"1\"><span style=\"font-weight: 400;\">Free Wi-Fi is available (password located on the stand in front of the TV)\u00a0<\/span><\/li>\n<li style=\"font-weight: 400;\" aria-level=\"1\"><span style=\"font-weight: 400;\">The playground may be used free of charge by children under 14, <\/span><b>under parental supervision and at their own risk<\/b><span style=\"font-weight: 400;\">\u00a0<\/span><\/li>\n<li style=\"font-weight: 400;\" aria-level=\"1\"><span style=\"font-weight: 400;\">The apartment is equipped with air conditioning<\/span><span style=\"font-weight: 400;\"><br \/>\n<\/span><span style=\"font-weight: 400;\">The remote control is available from the host upon request<\/span><span style=\"font-weight: 400;\"><br \/>\n<\/span><span style=\"font-weight: 400;\">Use of the air conditioning is free of charge<\/span><span style=\"font-weight: 400;\"><br \/>\n<\/span><span style=\"font-weight: 400;\">Please turn it off when leaving the apartment for safety reasons\u00a0<\/span><\/li>\n<\/ul>\n<p><b>Cleaning &amp; Linen Change<\/b><\/p>\n<ul>\n<li style=\"font-weight: 400;\" aria-level=\"1\"><span style=\"font-weight: 400;\">For longer stays, we provide <\/span><b>weekly cleaning<\/b><span style=\"font-weight: 400;\">, including <\/span><b>linen and towel change<\/b><span style=\"font-weight: 400;\">\u00a0<\/span><\/li>\n<li style=\"font-weight: 400;\" aria-level=\"1\"><b>Daily cleaning is available upon request<\/b><span style=\"font-weight: 400;\"> (subject to prior arrangement)\u00a0<\/span><\/li>\n<\/ul>\n<p><b>Additional Information<\/b><\/p>\n<ul>\n<li style=\"font-weight: 400;\" aria-level=\"1\"><span style=\"font-weight: 400;\">The host is available on-site if needed\u00a0<\/span><\/li>\n<li style=\"font-weight: 400;\" aria-level=\"1\"><span style=\"font-weight: 400;\">If you have any questions or issues, please feel free to contact us\u00a0<\/span><\/li>\n<\/ul>\n<p><span style=\"font-weight: 400;\">Thank you for your cooperation and we wish you a pleasant stay! <\/span><span style=\"font-weight: 400;\">&#x1f33f;<\/span><span style=\"font-weight: 400;\"><br \/>\n<\/span><b>Orchidea Apartment<\/b><\/p>\n<\/div><div class=\"fusion-clearfix\"><\/div>\n\n\t\t\t\t\t<\/div>\n\t\t\t\t<\/div><\/div><\/div>\n","protected":false},"excerpt":{"rendered":"","protected":false},"author":3,"featured_media":0,"parent":0,"menu_order":0,"comment_status":"closed","ping_status":"closed","template":"100-width.php","meta":[],"yoast_head":"<!-- This site is optimized with the Yoast SEO plugin v19.13 - https:\/\/yoast.com\/wordpress\/plugins\/seo\/ -->\n<title>House Rules - Orchidea Apartman Eger<\/title>\n<meta name=\"robots\" content=\"index, follow, max-snippet:-1, max-image-preview:large, max-video-preview:-1\" \/>\n<link rel=\"canonical\" href=\"https:\/\/apartman-orchidea.hu\/eger\/en\/house-rules\/\" \/>\n<meta property=\"og:locale\" content=\"hu_HU\" \/>\n<meta property=\"og:type\" content=\"article\" \/>\n<meta property=\"og:title\" content=\"House Rules - Orchidea Apartman Eger\" \/>\n<meta property=\"og:url\" content=\"https:\/\/apartman-orchidea.hu\/eger\/en\/house-rules\/\" \/>\n<meta property=\"og:site_name\" content=\"Orchidea Apartman Eger\" \/>\n<meta property=\"article:publisher\" content=\"https:\/\/www.facebook.com\/orchideaapartmaneger\/?fref=ts\" \/>\n<meta property=\"og:image\" content=\"https:\/\/apartman-orchidea.hu\/wp-content\/uploads\/2015\/04\/IMG_6895_resize-e1482092539280.jpg\" \/>\n\t<meta property=\"og:image:width\" content=\"1838\" \/>\n\t<meta property=\"og:image:height\" content=\"1276\" \/>\n\t<meta property=\"og:image:type\" content=\"image\/jpeg\" \/>\n<meta name=\"twitter:card\" content=\"summary_large_image\" \/>\n<meta name=\"twitter:label1\" content=\"Becs\u00fclt olvas\u00e1si id\u0151\" \/>\n\t<meta name=\"twitter:data1\" content=\"4 perc\" \/>\n<script type=\"application\/ld+json\" class=\"yoast-schema-graph\">{\"@context\":\"https:\/\/schema.org\",\"@graph\":[{\"@type\":\"WebPage\",\"@id\":\"https:\/\/apartman-orchidea.hu\/eger\/en\/house-rules\/\",\"url\":\"https:\/\/apartman-orchidea.hu\/eger\/en\/house-rules\/\",\"name\":\"House Rules - Orchidea Apartman Eger\",\"isPartOf\":{\"@id\":\"https:\/\/apartman-orchidea.hu\/eger\/#website\"},\"datePublished\":\"2026-03-31T11:08:51+00:00\",\"dateModified\":\"2026-03-31T11:08:51+00:00\",\"breadcrumb\":{\"@id\":\"https:\/\/apartman-orchidea.hu\/eger\/en\/house-rules\/#breadcrumb\"},\"inLanguage\":\"hu\",\"potentialAction\":[{\"@type\":\"ReadAction\",\"target\":[\"https:\/\/apartman-orchidea.hu\/eger\/en\/house-rules\/\"]}]},{\"@type\":\"BreadcrumbList\",\"@id\":\"https:\/\/apartman-orchidea.hu\/eger\/en\/house-rules\/#breadcrumb\",\"itemListElement\":[{\"@type\":\"ListItem\",\"position\":1,\"name\":\"Home\",\"item\":\"https:\/\/apartman-orchidea.hu\/eger\/\"},{\"@type\":\"ListItem\",\"position\":2,\"name\":\"House Rules\"}]},{\"@type\":\"WebSite\",\"@id\":\"https:\/\/apartman-orchidea.hu\/eger\/#website\",\"url\":\"https:\/\/apartman-orchidea.hu\/eger\/\",\"name\":\"Orchidea Apartman Eger\",\"description\":\"Vend\u00e9gh\u00e1z, kiad\u00f3 apartman Egerben\",\"potentialAction\":[{\"@type\":\"SearchAction\",\"target\":{\"@type\":\"EntryPoint\",\"urlTemplate\":\"https:\/\/apartman-orchidea.hu\/eger\/?s={search_term_string}\"},\"query-input\":\"required name=search_term_string\"}],\"inLanguage\":\"hu\"}]}<\/script>\n<!-- \/ Yoast SEO plugin. -->","yoast_head_json":{"title":"House Rules - Orchidea Apartman Eger","robots":{"index":"index","follow":"follow","max-snippet":"max-snippet:-1","max-image-preview":"max-image-preview:large","max-video-preview":"max-video-preview:-1"},"canonical":"https:\/\/apartman-orchidea.hu\/eger\/en\/house-rules\/","og_locale":"hu_HU","og_type":"article","og_title":"House Rules - Orchidea Apartman Eger","og_url":"https:\/\/apartman-orchidea.hu\/eger\/en\/house-rules\/","og_site_name":"Orchidea Apartman Eger","article_publisher":"https:\/\/www.facebook.com\/orchideaapartmaneger\/?fref=ts","og_image":[{"width":1838,"height":1276,"url":"https:\/\/apartman-orchidea.hu\/wp-content\/uploads\/2015\/04\/IMG_6895_resize-e1482092539280.jpg","type":"image\/jpeg"}],"twitter_card":"summary_large_image","twitter_misc":{"Becs\u00fclt olvas\u00e1si id\u0151":"4 perc"},"schema":{"@context":"https:\/\/schema.org","@graph":[{"@type":"WebPage","@id":"https:\/\/apartman-orchidea.hu\/eger\/en\/house-rules\/","url":"https:\/\/apartman-orchidea.hu\/eger\/en\/house-rules\/","name":"House Rules - Orchidea Apartman Eger","isPartOf":{"@id":"https:\/\/apartman-orchidea.hu\/eger\/#website"},"datePublished":"2026-03-31T11:08:51+00:00","dateModified":"2026-03-31T11:08:51+00:00","breadcrumb":{"@id":"https:\/\/apartman-orchidea.hu\/eger\/en\/house-rules\/#breadcrumb"},"inLanguage":"hu","potentialAction":[{"@type":"ReadAction","target":["https:\/\/apartman-orchidea.hu\/eger\/en\/house-rules\/"]}]},{"@type":"BreadcrumbList","@id":"https:\/\/apartman-orchidea.hu\/eger\/en\/house-rules\/#breadcrumb","itemListElement":[{"@type":"ListItem","position":1,"name":"Home","item":"https:\/\/apartman-orchidea.hu\/eger\/"},{"@type":"ListItem","position":2,"name":"House Rules"}]},{"@type":"WebSite","@id":"https:\/\/apartman-orchidea.hu\/eger\/#website","url":"https:\/\/apartman-orchidea.hu\/eger\/","name":"Orchidea Apartman Eger","description":"Vend\u00e9gh\u00e1z, kiad\u00f3 apartman Egerben","potentialAction":[{"@type":"SearchAction","target":{"@type":"EntryPoint","urlTemplate":"https:\/\/apartman-orchidea.hu\/eger\/?s={search_term_string}"},"query-input":"required name=search_term_string"}],"inLanguage":"hu"}]}},"_links":{"self":[{"href":"https:\/\/apartman-orchidea.hu\/eger\/wp-json\/wp\/v2\/pages\/7143"}],"collection":[{"href":"https:\/\/apartman-orchidea.hu\/eger\/wp-json\/wp\/v2\/pages"}],"about":[{"href":"https:\/\/apartman-orchidea.hu\/eger\/wp-json\/wp\/v2\/types\/page"}],"author":[{"embeddable":true,"href":"https:\/\/apartman-orchidea.hu\/eger\/wp-json\/wp\/v2\/users\/3"}],"replies":[{"embeddable":true,"href":"https:\/\/apartman-orchidea.hu\/eger\/wp-json\/wp\/v2\/comments?post=7143"}],"version-history":[{"count":3,"href":"https:\/\/apartman-orchidea.hu\/eger\/wp-json\/wp\/v2\/pages\/7143\/revisions"}],"predecessor-version":[{"id":7147,"href":"https:\/\/apartman-orchidea.hu\/eger\/wp-json\/wp\/v2\/pages\/7143\/revisions\/7147"}],"wp:attachment":[{"href":"https:\/\/apartman-orchidea.hu\/eger\/wp-json\/wp\/v2\/media?parent=7143"}],"curies":[{"name":"wp","href":"https:\/\/api.w.org\/{rel}","templated":true}]}}